{"id":24592,"date":"2023-06-16T10:25:03","date_gmt":"2023-06-16T14:25:03","guid":{"rendered":"https:\/\/sdc-cotedesneiges.ca\/?page_id=24592"},"modified":"2025-09-24T16:05:26","modified_gmt":"2025-09-24T20:05:26","slug":"itineraire-lexplorateur","status":"publish","type":"page","link":"https:\/\/sdc-cotedesneiges.ca\/en\/plan-your-visit\/itineraire-lexplorateur\/","title":{"rendered":"Itin\u00e9raire L&#8217;Explorateur"},"content":{"rendered":"\n<div style=\"height:100px\" aria-hidden=\"true\" class=\"wp-block-spacer\"><\/div>\n\n\n\n<div class=\"wp-block-group\"><div class=\"wp-block-group__inner-container is-layout-flow wp-block-group-is-layout-flow\">\n<h1 class=\"wp-block-heading has-text-align-center has-orange-color has-text-color\">The Explorer<\/h1>\n\n\n\n<h2 class=\"wp-block-heading has-text-align-center has-orange-color has-text-color\">Discovery of Montreal<\/h2>\n<\/div><\/div>\n\n\n\n<div style=\"height:75px\" aria-hidden=\"true\" class=\"wp-block-spacer\"><\/div>\n\n\n\n<div class=\"wp-block-group\"><div class=\"wp-block-group__inner-container is-layout-flow wp-block-group-is-layout-flow\">\n<div class=\"wp-block-columns is-layout-flex wp-container-core-columns-is-layout-1 wp-block-columns-is-layout-flex\">\n<div class=\"wp-block-column is-layout-flow wp-block-column-is-layout-flow\">\n<iframe src=\"https:\/\/www.google.com\/maps\/embed?pb=!1m58!1m12!1m3!1d53481.35666477564!2d-73.62638701456974!3d45.50180669483088!2m3!1f0!2f0!3f0!3m2!1i1024!2i768!4f13.1!4m43!3e2!4m5!1s0x4cc9192dde8fd16b%3A0xd0fe64951b59a738!2sPokai%2C%20Chemin%20de%20la%20C%C3%B4te-des-Neiges%2C%20Montr%C3%A9al%2C%20QC!3m2!1d45.4953873!2d-73.61956649999999!4m5!1s0x4cc919f0ba1d6805%3A0x46d97c451977705c!2sPlacette%20C%C3%B4te-des-Neiges%2C%20Chemin%20Queen%20Mary%2C%20Montr%C3%A9al%2C%20QC!3m2!1d45.4947587!2d-73.61811209999999!4m5!1s0x4cc91a185a842ba5%3A0x8ea906bc55b3a996!2sLac%20aux%20Castors%2C%20Montr%C3%A9al%2C%20QC!3m2!1d45.4988179!2d-73.5973997!4m5!1s0x4cc91a3bdea494f7%3A0xc60bc388acae3adc!2sGrand%20Escalier%20du%20Mont%20Royal%2C%20Chemin%20le%20Serpentin%2C%20Montr%C3%A9al%2C%20QC!3m2!1d45.5049183!2d-73.5847628!4m5!1s0x4cc91b78618be8f7%3A0xa557a4bacf3272a2!2sL%E2%80%99Anneau%2C%20Place%20Monseigneur%20Charbonneau%2C%20Montr%C3%A9al%2C%20QC!3m2!1d45.501449199999996!2d-73.5699667!4m5!1s0x4cc91a57c0570d4f%3A0xd16f257ab5a74cac!2sVieux-Port%20de%20Montr%C3%A9al%2C%20Ville-Marie%2C%20Montr%C3%A9al%2C%20QC!3m2!1d45.5076798!2d-73.5508688!4m5!1s0x4cc91af7929da63b%3A0x65b3239c25418ef6!2sGrand%20Quai%20du%20Port%20de%20Montr%C3%A9al%2C%20Rue%20de%20la%20Commune%20Ouest%2C%20Montr%C3%A9al%2C%20QC!3m2!1d45.5024136!2d-73.55284209999999!5e1!3m2!1sfr!2sca!4v1750967786278!5m2!1sfr!2sca\" width=\"600\" height=\"450\" style=\"border:0;\" allowfullscreen=\"\" loading=\"lazy\" referrerpolicy=\"no-referrer-when-downgrade\"><\/iframe>\n\n\n\n<div style=\"height:15px\" aria-hidden=\"true\" class=\"wp-block-spacer\"><\/div>\n\n\n\n<figure class=\"wp-block-image size-large\"><img loading=\"lazy\" decoding=\"async\" width=\"819\" height=\"1024\" src=\"https:\/\/sdc-cotedesneiges.ca\/wp-content\/uploads\/2025\/09\/LExplorateur-4-1-819x1024.jpeg\" alt=\"\" class=\"wp-image-27200\" style=\"aspect-ratio:1;object-fit:cover\" srcset=\"https:\/\/sdc-cotedesneiges.ca\/wp-content\/uploads\/2025\/09\/LExplorateur-4-1-819x1024.jpeg 819w, https:\/\/sdc-cotedesneiges.ca\/wp-content\/uploads\/2025\/09\/LExplorateur-4-1-600x750.jpeg 600w, https:\/\/sdc-cotedesneiges.ca\/wp-content\/uploads\/2025\/09\/LExplorateur-4-1-240x300.jpeg 240w, https:\/\/sdc-cotedesneiges.ca\/wp-content\/uploads\/2025\/09\/LExplorateur-4-1-768x960.jpeg 768w, https:\/\/sdc-cotedesneiges.ca\/wp-content\/uploads\/2025\/09\/LExplorateur-4-1.jpeg 1080w\" sizes=\"auto, (max-width: 819px) 100vw, 819px\" \/><\/figure>\n<\/div>\n\n\n\n<div class=\"wp-block-column is-layout-flow wp-block-column-is-layout-flow\">\n<p class=\"has-jaune-color has-text-color\"><\/p>\n\n\n\n<p class=\"has-white-color has-orange-background-color has-text-color has-background\"><strong>Path length:<\/strong> 8 km<br><strong>Recommended duration: <\/strong>5 to 6 hours <br><strong>Recommended transportation: <\/strong>Walking and bus<br><strong>To discover in this itinerary:<\/strong><br>Poka\u2019i, Lac aux castors &amp; Caf\u00e9 des amis, The Ring, Old Port &amp; Grand quai<\/p>\n\n\n\n<p><\/p>\n\n\n\n<p>Discover Montreal from the mountain to the Saint Lawrence River! From the essential to the unexpected, just like the SDC C\u00f4te-des-Neiges! This discovery itinerary presented in partnership with <a href=\"https:\/\/www.mtl.org\/en\"><mark style=\"background-color:rgba(0, 0, 0, 0)\" class=\"has-inline-color has-bleu-color\">Tourisme Montr\u00e9al<\/mark><\/a>, offers an enriching and memorable day of exploration. Get ready to discover Montreal\u2019s historic, cultural, and natural gems, all in one day!<\/p>\n\n\n\n<p>Begin your adventure at <a href=\"https:\/\/sdc-cotedesneiges.ca\/en\/places\/pokai-restaurant\/\"><mark style=\"background-color:rgba(0, 0, 0, 0)\" class=\"has-inline-color has-bleu-color\">Poka\u2019i<\/mark><\/a>, on chemin de la C\u00f4te-des-Neiges and pick up a delicious bahn mi or the road. You can also have it at the <em>placette<\/em> just across the street with a wonderful view of <a href=\"https:\/\/sdc-cotedesneiges.ca\/en\/places\/saint-josephs-oratory-mount-royal\/\"><mark style=\"background-color:rgba(0, 0, 0, 0)\" class=\"has-inline-color has-bleu-color\">Saint-Joseph\u2019s Oratory<\/mark><\/a>. Now, the walk begins! Follow chemin de la C\u00f4te-des-Neiges to the East, alongside the <a href=\"https:\/\/sdc-cotedesneiges.ca\/en\/places\/cimetiere-notre-dame-des-neiges-montreal\/\"><mark style=\"background-color:rgba(0, 0, 0, 0)\" class=\"has-inline-color has-bleu-color\">Notre-Dame-des-Neiges cemetery<\/mark><\/a> up to chemin Remembrance. The latter will take you straight up to Lac-aux-Castors, where you\u2019ll be able to relax with a little snack from the Caf\u00e9 des amis. Then, fill up your water bottle and continue on chemin Olmstead to the East, followed by the steps that will take you back down to Peel Street. Make your way through McGill University\u2019s campus and down the street that bears its name. You will come across the Ring, a symbol of the city inaugurated for Place Ville Marie\u2019s 60<sup>th<\/sup> anniversary. When facing North from the plaza, the Ring serves as a frame, encircling the modern and historic architecture of Montreal as well as its greenspaces and lively streets. Your next destination is the Old Port, passing by Old Montreal. Walk through its paved streets while admiring the historic buildings\u2019 fa\u00e7ades. This picturesque neighbourhood is sure to charm you. Finish your discovery on the terrace of the Grand Quai which offers a stunning view of the city skyline, Jean Drapeau Park, and Habitat 67. Don\u2019t forget to take a souvenir picture with the giant <em><a href=\"https:\/\/www.mtl.org\/en\"><mark style=\"background-color:rgba(0, 0, 0, 0)\" class=\"has-inline-color has-bleu-color\">Bonjour Montr\u00e9al<\/mark><\/a><\/em> sign!<\/p>\n\n\n\n<p><\/p>\n\n\n\n<p class=\"has-orange-color has-text-color\"><\/p>\n\n\n\n<p><strong>To view the full itinerary on Google:<\/strong> <a href=\"https:\/\/maps.app.goo.gl\/YEaPRvQzXaeVSgvs8\" target=\"_blank\" rel=\"noreferrer noopener\"><mark style=\"background-color:rgba(0, 0, 0, 0)\" class=\"has-inline-color has-bleu-color\">click here<\/mark><\/a><\/p>\n\n\n\n<div style=\"height:25px\" aria-hidden=\"true\" class=\"wp-block-spacer\"><\/div>\n\n\n\n<h4 class=\"wp-block-heading has-orange-color has-text-color has-link-color wp-elements-e8c80ee0e7f901099a96624d3347749e\" id=\"deplacements\">Getting around with public transit<\/h4>\n\n\n\n<div style=\"height:25px\" aria-hidden=\"true\" class=\"wp-block-spacer\"><\/div>\n\n\n\n<p><strong>From C\u00f4te-des-Neiges Mount-Royal Park<\/strong><br>Bus 711 Est:<br>Queen Mary\/Gatineau \u2192 Lac aux Castors<br><br><strong>From the Ring (Place Ville Marie) to Old Montreal<\/strong><br>Bus 150 Est:<br>Ren\u00e9-L\u00e9vesque\/Mansfield \u2192 Ren\u00e9-L\u00e9vesque\/De l\u2019H\u00f4tel-de-Ville and head South<\/p>\n<\/div>\n<\/div>\n<\/div><\/div>\n\n\n\n<div class=\"wp-block-group\"><div class=\"wp-block-group__inner-container is-layout-flow wp-block-group-is-layout-flow\"><\/div><\/div>\n\n\n\n<div style=\"height:74px\" aria-hidden=\"true\" class=\"wp-block-spacer\"><\/div>\n\n\n\n<hr class=\"wp-block-separator has-css-opacity is-style-wide\"\/>\n\n\n\n<div style=\"height:75px\" aria-hidden=\"true\" class=\"wp-block-spacer\"><\/div>\n\n\n\n<div class=\"wp-block-group\"><div class=\"wp-block-group__inner-container is-layout-flow wp-block-group-is-layout-flow\">\n<div class=\"wp-block-columns colonnes-m-12 is-layout-flex wp-container-core-columns-is-layout-2 wp-block-columns-is-layout-flex\">\n<div class=\"wp-block-column is-layout-flow wp-block-column-is-layout-flow\" style=\"flex-basis:25%\"><\/div>\n\n\n\n<div class=\"wp-block-column is-layout-flow wp-block-column-is-layout-flow\" style=\"flex-basis:50%\">\n<h3 class=\"wp-block-heading has-text-align-center\"><\/h3>\n<\/div>\n\n\n\n<div class=\"wp-block-column is-layout-flow wp-block-column-is-layout-flow\" style=\"flex-basis:25%\"><\/div>\n<\/div>\n<\/div><\/div>\n\n\n\n<div style=\"height:60px\" aria-hidden=\"true\" class=\"wp-block-spacer\"><\/div>\n\n\n\n<div class=\"wp-block-group\"><div class=\"wp-block-group__inner-container is-layout-flow wp-block-group-is-layout-flow\">\n<div class=\"wp-block-columns is-layout-flex wp-container-core-columns-is-layout-3 wp-block-columns-is-layout-flex\">\n<div class=\"wp-block-column is-layout-flow wp-block-column-is-layout-flow\">\n<div style=\"height:20px\" aria-hidden=\"true\" class=\"wp-block-spacer\"><\/div>\n\n\n\n<p class=\"has-text-align-center\"><\/p>\n<\/div>\n<\/div>\n<\/div><\/div>\n\n\n\n<div style=\"height:75px\" aria-hidden=\"true\" class=\"wp-block-spacer\"><\/div>\n","protected":false},"excerpt":{"rendered":"<p>The Explorer Discovery of Montreal Path length: 8 kmRecommended duration: 5 to 6 hours Recommended&#8230; <a class=\"read-more\" href=\"https:\/\/sdc-cotedesneiges.ca\/en\/plan-your-visit\/itineraire-lexplorateur\/\">Read More <i class=\"fas fa-arrow-right\"><\/i><\/a><\/p>\n","protected":false},"author":4,"featured_media":0,"parent":12004,"menu_order":0,"comment_status":"closed","ping_status":"closed","template":"","meta":{"_acf_changed":false,"footnotes":""},"class_list":["post-24592","page","type-page","status-publish","hentry"],"acf":[],"yoast_head":"<!-- This site is optimized with the Yoast SEO plugin v24.5 - https:\/\/yoast.com\/wordpress\/plugins\/seo\/ -->\n<title>SDC C\u00f4te-des-Neiges | Itin\u00e9raire Spirituel<\/title>\n<meta name=\"description\" content=\"Le parcours de la SDC C\u00f4te-des-Neiges \u2013 Itin\u00e9raire Spirituel vous fera d\u00e9couvrir les attraits touristiques et commerciaux du quartier.\" \/>\n<meta name=\"robots\" content=\"index, follow, max-snippet:-1, max-image-preview:large, max-video-preview:-1\" \/>\n<link rel=\"canonical\" href=\"https:\/\/sdc-cotedesneiges.ca\/en\/plan-your-visit\/itineraire-lexplorateur\/\" \/>\n<meta property=\"og:locale\" content=\"en_US\" \/>\n<meta property=\"og:type\" content=\"article\" \/>\n<meta property=\"og:title\" content=\"SDC C\u00f4te-des-Neiges | Itin\u00e9raire Spirituel\" \/>\n<meta property=\"og:description\" content=\"Le parcours de la SDC C\u00f4te-des-Neiges \u2013 Itin\u00e9raire Spirituel vous fera d\u00e9couvrir les attraits touristiques et commerciaux du quartier.\" \/>\n<meta property=\"og:url\" content=\"https:\/\/sdc-cotedesneiges.ca\/en\/plan-your-visit\/itineraire-lexplorateur\/\" \/>\n<meta property=\"og:site_name\" content=\"SDC C\u00f4te-des-Neiges\" \/>\n<meta property=\"article:publisher\" content=\"https:\/\/www.facebook.com\/sdc.cotedesneiges\/\" \/>\n<meta property=\"article:modified_time\" content=\"2025-09-24T20:05:26+00:00\" \/>\n<meta property=\"og:image\" content=\"https:\/\/sdc-cotedesneiges.ca\/wp-content\/uploads\/2025\/09\/LExplorateur-4-1.jpeg\" \/>\n\t<meta property=\"og:image:width\" content=\"1080\" \/>\n\t<meta property=\"og:image:height\" content=\"1350\" \/>\n\t<meta property=\"og:image:type\" content=\"image\/jpeg\" \/>\n<meta name=\"twitter:card\" content=\"summary_large_image\" \/>\n<meta name=\"twitter:label1\" content=\"Est. reading time\" \/>\n\t<meta name=\"twitter:data1\" content=\"3 minutes\" \/>\n<script type=\"application\/ld+json\" class=\"yoast-schema-graph\">{\"@context\":\"https:\/\/schema.org\",\"@graph\":[{\"@type\":\"WebPage\",\"@id\":\"https:\/\/sdc-cotedesneiges.ca\/en\/plan-your-visit\/itineraire-lexplorateur\/\",\"url\":\"https:\/\/sdc-cotedesneiges.ca\/en\/plan-your-visit\/itineraire-lexplorateur\/\",\"name\":\"SDC C\u00f4te-des-Neiges | Itin\u00e9raire Spirituel\",\"isPartOf\":{\"@id\":\"https:\/\/sdc-cotedesneiges.ca\/en\/#website\"},\"primaryImageOfPage\":{\"@id\":\"https:\/\/sdc-cotedesneiges.ca\/en\/plan-your-visit\/itineraire-lexplorateur\/#primaryimage\"},\"image\":{\"@id\":\"https:\/\/sdc-cotedesneiges.ca\/en\/plan-your-visit\/itineraire-lexplorateur\/#primaryimage\"},\"thumbnailUrl\":\"https:\/\/sdc-cotedesneiges.ca\/wp-content\/uploads\/2025\/09\/LExplorateur-4-1-819x1024.jpeg\",\"datePublished\":\"2023-06-16T14:25:03+00:00\",\"dateModified\":\"2025-09-24T20:05:26+00:00\",\"description\":\"Le parcours de la SDC C\u00f4te-des-Neiges \u2013 Itin\u00e9raire Spirituel vous fera d\u00e9couvrir les attraits touristiques et commerciaux du quartier.\",\"breadcrumb\":{\"@id\":\"https:\/\/sdc-cotedesneiges.ca\/en\/plan-your-visit\/itineraire-lexplorateur\/#breadcrumb\"},\"inLanguage\":\"en-US\",\"potentialAction\":[{\"@type\":\"ReadAction\",\"target\":[\"https:\/\/sdc-cotedesneiges.ca\/en\/plan-your-visit\/itineraire-lexplorateur\/\"]}]},{\"@type\":\"ImageObject\",\"inLanguage\":\"en-US\",\"@id\":\"https:\/\/sdc-cotedesneiges.ca\/en\/plan-your-visit\/itineraire-lexplorateur\/#primaryimage\",\"url\":\"https:\/\/sdc-cotedesneiges.ca\/wp-content\/uploads\/2025\/09\/LExplorateur-4-1-819x1024.jpeg\",\"contentUrl\":\"https:\/\/sdc-cotedesneiges.ca\/wp-content\/uploads\/2025\/09\/LExplorateur-4-1-819x1024.jpeg\"},{\"@type\":\"BreadcrumbList\",\"@id\":\"https:\/\/sdc-cotedesneiges.ca\/en\/plan-your-visit\/itineraire-lexplorateur\/#breadcrumb\",\"itemListElement\":[{\"@type\":\"ListItem\",\"position\":1,\"name\":\"Accueil\",\"item\":\"https:\/\/sdc-cotedesneiges.ca\/en\/\"},{\"@type\":\"ListItem\",\"position\":2,\"name\":\"Plan your visit\",\"item\":\"https:\/\/sdc-cotedesneiges.ca\/en\/plan-your-visit\/\"},{\"@type\":\"ListItem\",\"position\":3,\"name\":\"Itin\u00e9raire L&rsquo;Explorateur\"}]},{\"@type\":\"WebSite\",\"@id\":\"https:\/\/sdc-cotedesneiges.ca\/en\/#website\",\"url\":\"https:\/\/sdc-cotedesneiges.ca\/en\/\",\"name\":\"SDC C\u00f4te-des-Neiges\",\"description\":\"Organisme \u00e0 but non-lucratif cr\u00e9\u00e9 en 2018, la SDC C\u00f4te-des-Neiges regroupe 230 commer\u00e7ants et professionnels.\",\"publisher\":{\"@id\":\"https:\/\/sdc-cotedesneiges.ca\/en\/#organization\"},\"potentialAction\":[{\"@type\":\"SearchAction\",\"target\":{\"@type\":\"EntryPoint\",\"urlTemplate\":\"https:\/\/sdc-cotedesneiges.ca\/en\/?s={search_term_string}\"},\"query-input\":{\"@type\":\"PropertyValueSpecification\",\"valueRequired\":true,\"valueName\":\"search_term_string\"}}],\"inLanguage\":\"en-US\"},{\"@type\":\"Organization\",\"@id\":\"https:\/\/sdc-cotedesneiges.ca\/en\/#organization\",\"name\":\"SDC C\u00f4te-des-Neiges\",\"url\":\"https:\/\/sdc-cotedesneiges.ca\/en\/\",\"logo\":{\"@type\":\"ImageObject\",\"inLanguage\":\"en-US\",\"@id\":\"https:\/\/sdc-cotedesneiges.ca\/en\/#\/schema\/logo\/image\/\",\"url\":\"https:\/\/sdc-cotedesneiges.ca\/wp-content\/uploads\/2020\/05\/logo-sdc-cote-des-neiges.png\",\"contentUrl\":\"https:\/\/sdc-cotedesneiges.ca\/wp-content\/uploads\/2020\/05\/logo-sdc-cote-des-neiges.png\",\"width\":1221,\"height\":1290,\"caption\":\"SDC C\u00f4te-des-Neiges\"},\"image\":{\"@id\":\"https:\/\/sdc-cotedesneiges.ca\/en\/#\/schema\/logo\/image\/\"},\"sameAs\":[\"https:\/\/www.facebook.com\/sdc.cotedesneiges\/\",\"https:\/\/www.instagram.com\/sdc.cotedesneiges\/\",\"https:\/\/www.linkedin.com\/company\/sdc-cotedesneiges\/\"]}]}<\/script>\n<!-- \/ Yoast SEO plugin. -->","yoast_head_json":{"title":"SDC C\u00f4te-des-Neiges | Itin\u00e9raire Spirituel","description":"Le parcours de la SDC C\u00f4te-des-Neiges \u2013 Itin\u00e9raire Spirituel vous fera d\u00e9couvrir les attraits touristiques et commerciaux du quartier.","robots":{"index":"index","follow":"follow","max-snippet":"max-snippet:-1","max-image-preview":"max-image-preview:large","max-video-preview":"max-video-preview:-1"},"canonical":"https:\/\/sdc-cotedesneiges.ca\/en\/plan-your-visit\/itineraire-lexplorateur\/","og_locale":"en_US","og_type":"article","og_title":"SDC C\u00f4te-des-Neiges | Itin\u00e9raire Spirituel","og_description":"Le parcours de la SDC C\u00f4te-des-Neiges \u2013 Itin\u00e9raire Spirituel vous fera d\u00e9couvrir les attraits touristiques et commerciaux du quartier.","og_url":"https:\/\/sdc-cotedesneiges.ca\/en\/plan-your-visit\/itineraire-lexplorateur\/","og_site_name":"SDC C\u00f4te-des-Neiges","article_publisher":"https:\/\/www.facebook.com\/sdc.cotedesneiges\/","article_modified_time":"2025-09-24T20:05:26+00:00","og_image":[{"width":1080,"height":1350,"url":"https:\/\/sdc-cotedesneiges.ca\/wp-content\/uploads\/2025\/09\/LExplorateur-4-1.jpeg","type":"image\/jpeg"}],"twitter_card":"summary_large_image","twitter_misc":{"Est. reading time":"3 minutes"},"schema":{"@context":"https:\/\/schema.org","@graph":[{"@type":"WebPage","@id":"https:\/\/sdc-cotedesneiges.ca\/en\/plan-your-visit\/itineraire-lexplorateur\/","url":"https:\/\/sdc-cotedesneiges.ca\/en\/plan-your-visit\/itineraire-lexplorateur\/","name":"SDC C\u00f4te-des-Neiges | Itin\u00e9raire Spirituel","isPartOf":{"@id":"https:\/\/sdc-cotedesneiges.ca\/en\/#website"},"primaryImageOfPage":{"@id":"https:\/\/sdc-cotedesneiges.ca\/en\/plan-your-visit\/itineraire-lexplorateur\/#primaryimage"},"image":{"@id":"https:\/\/sdc-cotedesneiges.ca\/en\/plan-your-visit\/itineraire-lexplorateur\/#primaryimage"},"thumbnailUrl":"https:\/\/sdc-cotedesneiges.ca\/wp-content\/uploads\/2025\/09\/LExplorateur-4-1-819x1024.jpeg","datePublished":"2023-06-16T14:25:03+00:00","dateModified":"2025-09-24T20:05:26+00:00","description":"Le parcours de la SDC C\u00f4te-des-Neiges \u2013 Itin\u00e9raire Spirituel vous fera d\u00e9couvrir les attraits touristiques et commerciaux du quartier.","breadcrumb":{"@id":"https:\/\/sdc-cotedesneiges.ca\/en\/plan-your-visit\/itineraire-lexplorateur\/#breadcrumb"},"inLanguage":"en-US","potentialAction":[{"@type":"ReadAction","target":["https:\/\/sdc-cotedesneiges.ca\/en\/plan-your-visit\/itineraire-lexplorateur\/"]}]},{"@type":"ImageObject","inLanguage":"en-US","@id":"https:\/\/sdc-cotedesneiges.ca\/en\/plan-your-visit\/itineraire-lexplorateur\/#primaryimage","url":"https:\/\/sdc-cotedesneiges.ca\/wp-content\/uploads\/2025\/09\/LExplorateur-4-1-819x1024.jpeg","contentUrl":"https:\/\/sdc-cotedesneiges.ca\/wp-content\/uploads\/2025\/09\/LExplorateur-4-1-819x1024.jpeg"},{"@type":"BreadcrumbList","@id":"https:\/\/sdc-cotedesneiges.ca\/en\/plan-your-visit\/itineraire-lexplorateur\/#breadcrumb","itemListElement":[{"@type":"ListItem","position":1,"name":"Accueil","item":"https:\/\/sdc-cotedesneiges.ca\/en\/"},{"@type":"ListItem","position":2,"name":"Plan your visit","item":"https:\/\/sdc-cotedesneiges.ca\/en\/plan-your-visit\/"},{"@type":"ListItem","position":3,"name":"Itin\u00e9raire L&rsquo;Explorateur"}]},{"@type":"WebSite","@id":"https:\/\/sdc-cotedesneiges.ca\/en\/#website","url":"https:\/\/sdc-cotedesneiges.ca\/en\/","name":"SDC C\u00f4te-des-Neiges","description":"Organisme \u00e0 but non-lucratif cr\u00e9\u00e9 en 2018, la SDC C\u00f4te-des-Neiges regroupe 230 commer\u00e7ants et professionnels.","publisher":{"@id":"https:\/\/sdc-cotedesneiges.ca\/en\/#organization"},"potentialAction":[{"@type":"SearchAction","target":{"@type":"EntryPoint","urlTemplate":"https:\/\/sdc-cotedesneiges.ca\/en\/?s={search_term_string}"},"query-input":{"@type":"PropertyValueSpecification","valueRequired":true,"valueName":"search_term_string"}}],"inLanguage":"en-US"},{"@type":"Organization","@id":"https:\/\/sdc-cotedesneiges.ca\/en\/#organization","name":"SDC C\u00f4te-des-Neiges","url":"https:\/\/sdc-cotedesneiges.ca\/en\/","logo":{"@type":"ImageObject","inLanguage":"en-US","@id":"https:\/\/sdc-cotedesneiges.ca\/en\/#\/schema\/logo\/image\/","url":"https:\/\/sdc-cotedesneiges.ca\/wp-content\/uploads\/2020\/05\/logo-sdc-cote-des-neiges.png","contentUrl":"https:\/\/sdc-cotedesneiges.ca\/wp-content\/uploads\/2020\/05\/logo-sdc-cote-des-neiges.png","width":1221,"height":1290,"caption":"SDC C\u00f4te-des-Neiges"},"image":{"@id":"https:\/\/sdc-cotedesneiges.ca\/en\/#\/schema\/logo\/image\/"},"sameAs":["https:\/\/www.facebook.com\/sdc.cotedesneiges\/","https:\/\/www.instagram.com\/sdc.cotedesneiges\/","https:\/\/www.linkedin.com\/company\/sdc-cotedesneiges\/"]}]}},"_links":{"self":[{"href":"https:\/\/sdc-cotedesneiges.ca\/en\/wp-json\/wp\/v2\/pages\/24592","targetHints":{"allow":["GET"]}}],"collection":[{"href":"https:\/\/sdc-cotedesneiges.ca\/en\/wp-json\/wp\/v2\/pages"}],"about":[{"href":"https:\/\/sdc-cotedesneiges.ca\/en\/wp-json\/wp\/v2\/types\/page"}],"author":[{"embeddable":true,"href":"https:\/\/sdc-cotedesneiges.ca\/en\/wp-json\/wp\/v2\/users\/4"}],"replies":[{"embeddable":true,"href":"https:\/\/sdc-cotedesneiges.ca\/en\/wp-json\/wp\/v2\/comments?post=24592"}],"version-history":[{"count":24,"href":"https:\/\/sdc-cotedesneiges.ca\/en\/wp-json\/wp\/v2\/pages\/24592\/revisions"}],"predecessor-version":[{"id":27202,"href":"https:\/\/sdc-cotedesneiges.ca\/en\/wp-json\/wp\/v2\/pages\/24592\/revisions\/27202"}],"up":[{"embeddable":true,"href":"https:\/\/sdc-cotedesneiges.ca\/en\/wp-json\/wp\/v2\/pages\/12004"}],"wp:attachment":[{"href":"https:\/\/sdc-cotedesneiges.ca\/en\/wp-json\/wp\/v2\/media?parent=24592"}],"curies":[{"name":"wp","href":"https:\/\/api.w.org\/{rel}","templated":true}]}}