{"id":24345,"date":"2024-04-26T14:06:19","date_gmt":"2024-04-26T18:06:19","guid":{"rendered":"https:\/\/sdc-cotedesneiges.ca\/entreprendre-a-cote-des-neiges\/"},"modified":"2025-07-29T12:09:30","modified_gmt":"2025-07-29T16:09:30","slug":"entreprendre-a-cote-des-neiges","status":"publish","type":"page","link":"https:\/\/sdc-cotedesneiges.ca\/en\/entreprendre-a-cote-des-neiges\/","title":{"rendered":"Entrepreneurship in C\u00f4te-des-Neiges"},"content":{"rendered":"\n<div class=\"wp-block-columns is-layout-flex wp-container-core-columns-is-layout-1 wp-block-columns-is-layout-flex\">\n<div class=\"wp-block-column is-layout-flow wp-block-column-is-layout-flow\" style=\"flex-basis:25%\"><\/div>\n\n\n\n<div class=\"wp-block-column is-layout-flow wp-block-column-is-layout-flow\" style=\"flex-basis:50%\">\n<div style=\"height:100px\" aria-hidden=\"true\" class=\"wp-block-spacer\"><\/div>\n\n\n\n<div style=\"height:49px\" aria-hidden=\"true\" class=\"wp-block-spacer\"><\/div>\n\n\n\n<figure class=\"wp-block-image size-full\"><img loading=\"lazy\" decoding=\"async\" width=\"940\" height=\"530\" src=\"https:\/\/sdc-cotedesneiges.ca\/wp-content\/uploads\/2024\/06\/SDCCDN2024_CoverEntaCDN-EN.png\" alt=\"\" class=\"wp-image-24347\" srcset=\"https:\/\/sdc-cotedesneiges.ca\/wp-content\/uploads\/2024\/06\/SDCCDN2024_CoverEntaCDN-EN.png 940w, https:\/\/sdc-cotedesneiges.ca\/wp-content\/uploads\/2024\/06\/SDCCDN2024_CoverEntaCDN-EN-750x423.png 750w, https:\/\/sdc-cotedesneiges.ca\/wp-content\/uploads\/2024\/06\/SDCCDN2024_CoverEntaCDN-EN-300x169.png 300w, https:\/\/sdc-cotedesneiges.ca\/wp-content\/uploads\/2024\/06\/SDCCDN2024_CoverEntaCDN-EN-768x433.png 768w\" sizes=\"auto, (max-width: 940px) 100vw, 940px\" \/><\/figure>\n\n\n\n<div style=\"height:100px\" aria-hidden=\"true\" class=\"wp-block-spacer\"><\/div>\n\n\n\n<h2 class=\"wp-block-heading\">Mission of SDC C\u00f4te-des-Neiges<\/h2>\n\n\n\n<div style=\"height:18px\" aria-hidden=\"true\" class=\"wp-block-spacer\"><\/div>\n\n\n\n<p>The mission of the Soci\u00e9t\u00e9 de d\u00e9veloppement commercial (SDC) C\u00f4te-des-Neiges is to contribute to the economic and commercial vitality, visibility and visitor experience of the area, and to contribute to the economic, cultural and social development of the neighborhood in collaboration with local partners.<\/p>\n\n\n\n<p>The SDC C\u00f4te-des-Neiges fulfills its mission by bringing life to the area, as well as developing structuring and innovative projects and events for the neighborhood, its merchants, professionals, visitors and residents.<\/p>\n\n\n\n<div style=\"height:36px\" aria-hidden=\"true\" class=\"wp-block-spacer\"><\/div>\n\n\n\n<h2 class=\"wp-block-heading\">Our commercial area<\/h2>\n\n\n\n<div style=\"height:19px\" aria-hidden=\"true\" class=\"wp-block-spacer\"><\/div>\n\n\n\n<p>Our territory covers Chemin de la C\u00f4te-des-Neiges between Chemin de la C\u00f4te-Ste-Catherine and Rue du Fr\u00e8re-Andr\u00e9, including the commercial sectors of Gatineau, Lacombe and Swail avenues.<\/p>\n\n\n<div class=\"wp-block-image\">\n<figure class=\"alignleft size-large\"><a href=\"https:\/\/sdc-cotedesneiges.ca\/en\/plan-your-visit\/\" target=\"_blank\" rel=\"noreferrer noopener\"><img loading=\"lazy\" decoding=\"async\" width=\"1024\" height=\"576\" src=\"https:\/\/sdc-cotedesneiges.ca\/wp-content\/uploads\/2024\/04\/SDCCDN2024_Carteterritoire4-2-1024x576.png\" alt=\"\" class=\"wp-image-24009\" srcset=\"https:\/\/sdc-cotedesneiges.ca\/wp-content\/uploads\/2024\/04\/SDCCDN2024_Carteterritoire4-2-1024x576.png 1024w, https:\/\/sdc-cotedesneiges.ca\/wp-content\/uploads\/2024\/04\/SDCCDN2024_Carteterritoire4-2-750x422.png 750w, https:\/\/sdc-cotedesneiges.ca\/wp-content\/uploads\/2024\/04\/SDCCDN2024_Carteterritoire4-2-300x169.png 300w, https:\/\/sdc-cotedesneiges.ca\/wp-content\/uploads\/2024\/04\/SDCCDN2024_Carteterritoire4-2-768x432.png 768w, https:\/\/sdc-cotedesneiges.ca\/wp-content\/uploads\/2024\/04\/SDCCDN2024_Carteterritoire4-2-1536x864.png 1536w, https:\/\/sdc-cotedesneiges.ca\/wp-content\/uploads\/2024\/04\/SDCCDN2024_Carteterritoire4-2.png 1920w\" sizes=\"auto, (max-width: 1024px) 100vw, 1024px\" \/><\/a><\/figure><\/div>\n\n\n<div style=\"height:50px\" aria-hidden=\"true\" class=\"wp-block-spacer\"><\/div>\n\n\n\n<h2 class=\"wp-block-heading\">Be part of an SDC territory<\/h2>\n\n\n\n<div style=\"height:19px\" aria-hidden=\"true\" class=\"wp-block-spacer\"><\/div>\n\n\n\n<p>There are about twenty commercial development corporations in Montreal. The SDC C\u00f4te-des-Neiges ensures the economic development, dynamism and influence of its territory in C\u00f4te-des-Neiges. To do so, it pilots and implements numerous projects for its member businesses.<\/p>\n\n\n\n<figure class=\"wp-block-image size-large\"><img loading=\"lazy\" decoding=\"async\" width=\"1024\" height=\"683\" src=\"https:\/\/sdc-cotedesneiges.ca\/wp-content\/uploads\/2023\/09\/DSC_0261-1024x683.jpg\" alt=\"\" class=\"wp-image-22978\" srcset=\"https:\/\/sdc-cotedesneiges.ca\/wp-content\/uploads\/2023\/09\/DSC_0261-1024x683.jpg 1024w, https:\/\/sdc-cotedesneiges.ca\/wp-content\/uploads\/2023\/09\/DSC_0261-750x500.jpg 750w, https:\/\/sdc-cotedesneiges.ca\/wp-content\/uploads\/2023\/09\/DSC_0261-300x200.jpg 300w, https:\/\/sdc-cotedesneiges.ca\/wp-content\/uploads\/2023\/09\/DSC_0261-768x512.jpg 768w, https:\/\/sdc-cotedesneiges.ca\/wp-content\/uploads\/2023\/09\/DSC_0261-1536x1024.jpg 1536w, https:\/\/sdc-cotedesneiges.ca\/wp-content\/uploads\/2023\/09\/DSC_0261-2048x1366.jpg 2048w\" sizes=\"auto, (max-width: 1024px) 100vw, 1024px\" \/><figcaption class=\"wp-element-caption\">Lacombe pi\u00e9tonne ! (2nd edition &#8211; 2023)<\/figcaption><\/figure>\n\n\n\n<div style=\"height:20px\" aria-hidden=\"true\" class=\"wp-block-spacer\"><\/div>\n\n\n\n<p>Any company, organization or business operating within the boundaries of the commercial territory is automatically a member of the SDC C\u00f4te-des-Neiges. The direct involvement and participation of members is crucial to the success of these initiatives and to enhancing the quality of life in the area.<\/p>\n\n\n\n<div style=\"height:51px\" aria-hidden=\"true\" class=\"wp-block-spacer\"><\/div>\n\n\n\n<h2 class=\"wp-block-heading\">Member services<\/h2>\n\n\n\n<p><br>Members benefit from visibility on our website, on our social networks, in our monthly bulletin to members and in our newsletter to the citizens of C\u00f4te-des-Neiges. Members also have access to programs, tools and resources to support businesses, as well as access to services related to major SDC C\u00f4te-des-Neiges projects, and exclusive discounts with certain partners.<\/p>\n\n\n\n<figure class=\"wp-block-image size-large\"><img loading=\"lazy\" decoding=\"async\" width=\"1024\" height=\"683\" src=\"https:\/\/sdc-cotedesneiges.ca\/wp-content\/uploads\/2023\/11\/SDCCDN2023_Deco-vitrines-CD-1024x683.jpg\" alt=\"\" class=\"wp-image-23444\" srcset=\"https:\/\/sdc-cotedesneiges.ca\/wp-content\/uploads\/2023\/11\/SDCCDN2023_Deco-vitrines-CD-1024x683.jpg 1024w, https:\/\/sdc-cotedesneiges.ca\/wp-content\/uploads\/2023\/11\/SDCCDN2023_Deco-vitrines-CD-750x500.jpg 750w, https:\/\/sdc-cotedesneiges.ca\/wp-content\/uploads\/2023\/11\/SDCCDN2023_Deco-vitrines-CD-300x200.jpg 300w, https:\/\/sdc-cotedesneiges.ca\/wp-content\/uploads\/2023\/11\/SDCCDN2023_Deco-vitrines-CD-768x512.jpg 768w, https:\/\/sdc-cotedesneiges.ca\/wp-content\/uploads\/2023\/11\/SDCCDN2023_Deco-vitrines-CD-1536x1024.jpg 1536w, https:\/\/sdc-cotedesneiges.ca\/wp-content\/uploads\/2023\/11\/SDCCDN2023_Deco-vitrines-CD.jpg 1920w\" sizes=\"auto, (max-width: 1024px) 100vw, 1024px\" \/><figcaption class=\"wp-element-caption\">SDC C\u00f4te-des-Neiges window-decoration program (2022-2023)<\/figcaption><\/figure>\n\n\n\n<div style=\"height:21px\" aria-hidden=\"true\" class=\"wp-block-spacer\"><\/div>\n\n\n\n<p>The SDC C\u00f4te-des-Neiges works with its members in the following five areas :<\/p>\n\n\n\n<ul class=\"wp-block-list\">\n<li><strong>Development <\/strong>of the territory by responding to various issues and objectives<\/li>\n\n\n\n<li><strong>Promotion of destination<\/strong> and businesses through seasonal and promotional campaigns<\/li>\n\n\n\n<li><strong>Beautification <\/strong>through urban design and ground projects<\/li>\n\n\n\n<li><strong>Animating the neighborhood<\/strong> through signature projects throughout the year<\/li>\n\n\n\n<li><strong>Member support <\/strong>through various services and programs<\/li>\n<\/ul>\n\n\n\n<p>In addition, members can attend and vote at general meetings. It&#8217;s also possible to run for a seat on the SDC C\u00f4te-des-Neiges Board of Administration, in order to play a leading role in strategic decisions that have an impact on neighborhood activities.<\/p>\n\n\n\n<div style=\"height:50px\" aria-hidden=\"true\" class=\"wp-block-spacer\"><\/div>\n\n\n\n<h2 class=\"wp-block-heading\">What is a cotisation?<\/h2>\n\n\n\n<div style=\"height:19px\" aria-hidden=\"true\" class=\"wp-block-spacer\"><\/div>\n\n\n\n<p>In accordance with the Cities and Towns Act, members of a Soci\u00e9t\u00e9 de d\u00e9veloppement commercial (SDC) are required to pay an <a href=\"https:\/\/montreal.ca\/en\/how-to\/pay-your-commercial-development-corporation-contribution\"><mark style=\"background-color:rgba(0, 0, 0, 0)\" class=\"has-inline-color has-bleu-color\">annual membership fee<\/mark><\/a>. Payment of SDC dues entitles the member to vote at general meetings. Fees are calculated, issued and collected by the Ville de Montr\u00e9al. Among other things, the amount is calculated on the basis of the surface area and floor location of the retail or business premises.<\/p>\n\n\n\n<div style=\"height:50px\" aria-hidden=\"true\" class=\"wp-block-spacer\"><\/div>\n\n\n\n<h2 class=\"wp-block-heading\">Looking for commercial space?<\/h2>\n\n\n\n<div style=\"height:20px\" aria-hidden=\"true\" class=\"wp-block-spacer\"><\/div>\n\n\n\n<p>If you are looking for available commercial space in the SDC C\u00f4te-des-Neiges sector or in the entire C\u00f4te-des-Neiges district, please refer to your real estate broker or consult the various platforms available online :<\/p>\n\n\n\n<ul class=\"wp-block-list\">\n<li><strong><mark style=\"background-color:rgba(0, 0, 0, 0)\" class=\"has-inline-color has-bleu-color\"><a href=\"https:\/\/www.centris.ca\/fr\/local-commercial~a-louer~cote-des-neiges-montreal-cote-des-neiges-notre-dame-de-grace\" target=\"_blank\" rel=\"noreferrer noopener\">Centris (C\u00f4te-des-Neiges)<\/a><\/mark><\/strong><\/li>\n\n\n\n<li><a href=\"https:\/\/duproprio.com\/fr\/location\/rechercher\/liste?search=true&amp;cities%5B0%5D=1883&amp;type%5B0%5D=rental_commercial&amp;subtype%5B0%5D=114&amp;subtype%5B1%5D=115&amp;subtype%5B2%5D=116&amp;subtype%5B3%5D=117&amp;parent=1&amp;pageNumber=1&amp;sort=-published_at\" target=\"_blank\" rel=\"noreferrer noopener\"><strong><mark style=\"background-color:rgba(0, 0, 0, 0)\" class=\"has-inline-color has-bleu-color\">duProprio (C\u00f4te-des-Neiges-Notre-dame-De-Gr\u00e2ce)<\/mark><\/strong><\/a><\/li>\n\n\n\n<li><strong><mark style=\"background-color:rgba(0, 0, 0, 0)\" class=\"has-inline-color has-bleu-color\"><a href=\"https:\/\/www.logisquebec.com\/result-search.php?query=C%C3%B4te-des-Neiges%2FNotre-Dame-de-Gr%C3%A2ce+%28Montr%C3%A9al%29&amp;type=18&amp;room=0&amp;prix_min=0&amp;prix_max=999999999&amp;source=a_louer&amp;from_search=TRUE&amp;region=5&amp;ville=251&amp;tri=1\" target=\"_blank\" rel=\"noreferrer noopener\">Logis Qu\u00e9bec (C\u00f4te-des-Neiges)<\/a><\/mark><\/strong><\/li>\n<\/ul>\n\n\n\n<div style=\"height:50px\" aria-hidden=\"true\" class=\"wp-block-spacer\"><\/div>\n\n\n\n<h2 class=\"wp-block-heading\">Sector data and our actions<\/h2>\n\n\n\n<div style=\"height:20px\" aria-hidden=\"true\" class=\"wp-block-spacer\"><\/div>\n\n\n\n<p>Find out more about the SDC C\u00f4te-des-Neiges and initiatives in the neighbourhood by consulting the <strong><mark style=\"background-color:rgba(0, 0, 0, 0)\" class=\"has-inline-color has-bleu-color\"><a href=\"https:\/\/acrobat.adobe.com\/id\/urn:aaid:sc:VA6C2:f655cf7b-c5b9-42fc-94e1-2268e2a79328\" target=\"_blank\" rel=\"noreferrer noopener\">2024 Annual Report<\/a><\/mark><\/strong> !<\/p>\n\n\n\n<div style=\"height:50px\" aria-hidden=\"true\" class=\"wp-block-spacer\"><\/div>\n\n\n\n<h2 class=\"wp-block-heading\">Contact our team!<\/h2>\n\n\n\n<div style=\"height:19px\" aria-hidden=\"true\" class=\"wp-block-spacer\"><\/div>\n\n\n\n<p>Contact our team to find out more about our SDC, our members, and our programs and services.<\/p>\n\n\n\n<div class=\"wp-block-buttons is-content-justification-left is-layout-flex wp-container-core-buttons-is-layout-1 wp-block-buttons-is-layout-flex\">\n<div class=\"wp-block-button\"><a class=\"wp-block-button__link has-text-align-center wp-element-button\" href=\"mailto:membres@sdc-cotedesneiges.ca\" target=\"_blank\" rel=\"noreferrer noopener\">Contact us here!<\/a><\/div>\n<\/div>\n<\/div>\n\n\n\n<div class=\"wp-block-column is-layout-flow wp-block-column-is-layout-flow\" style=\"flex-basis:25%\"><\/div>\n<\/div>\n","protected":false},"excerpt":{"rendered":"<p>Mission of SDC C\u00f4te-des-Neiges The mission of the Soci\u00e9t\u00e9 de d\u00e9veloppement commercial (SDC) C\u00f4te-des-Neiges is&#8230; <a class=\"read-more\" href=\"https:\/\/sdc-cotedesneiges.ca\/en\/entreprendre-a-cote-des-neiges\/\">Read More <i class=\"fas fa-arrow-right\"><\/i><\/a><\/p>\n","protected":false},"author":2,"featured_media":0,"parent":0,"menu_order":0,"comment_status":"closed","ping_status":"closed","template":"","meta":{"_acf_changed":false,"footnotes":""},"class_list":["post-24345","page","type-page","status-publish","hentry"],"acf":[],"yoast_head":"<!-- This site is optimized with the Yoast SEO plugin v24.5 - https:\/\/yoast.com\/wordpress\/plugins\/seo\/ -->\n<title>Entrepreneurship in C\u00f4te-des-Neiges - SDC C\u00f4te-des-Neiges<\/title>\n<meta name=\"robots\" content=\"index, follow, max-snippet:-1, max-image-preview:large, max-video-preview:-1\" \/>\n<link rel=\"canonical\" href=\"https:\/\/sdc-cotedesneiges.ca\/en\/entreprendre-a-cote-des-neiges\/\" \/>\n<meta property=\"og:locale\" content=\"en_US\" \/>\n<meta property=\"og:type\" content=\"article\" \/>\n<meta property=\"og:title\" content=\"Entrepreneurship in C\u00f4te-des-Neiges - SDC C\u00f4te-des-Neiges\" \/>\n<meta property=\"og:description\" content=\"Mission of SDC C\u00f4te-des-Neiges The mission of the Soci\u00e9t\u00e9 de d\u00e9veloppement commercial (SDC) C\u00f4te-des-Neiges is... Read More\" \/>\n<meta property=\"og:url\" content=\"https:\/\/sdc-cotedesneiges.ca\/en\/entreprendre-a-cote-des-neiges\/\" \/>\n<meta property=\"og:site_name\" content=\"SDC C\u00f4te-des-Neiges\" \/>\n<meta property=\"article:publisher\" content=\"https:\/\/www.facebook.com\/sdc.cotedesneiges\/\" \/>\n<meta property=\"article:modified_time\" content=\"2025-07-29T16:09:30+00:00\" \/>\n<meta property=\"og:image\" content=\"https:\/\/sdc-cotedesneiges.ca\/wp-content\/uploads\/2024\/06\/SDCCDN2024_CoverEntaCDN-EN.png\" \/>\n\t<meta property=\"og:image:width\" content=\"940\" \/>\n\t<meta property=\"og:image:height\" content=\"530\" \/>\n\t<meta property=\"og:image:type\" content=\"image\/png\" \/>\n<meta name=\"twitter:card\" content=\"summary_large_image\" \/>\n<meta name=\"twitter:label1\" content=\"Est. reading time\" \/>\n\t<meta name=\"twitter:data1\" content=\"4 minutes\" \/>\n<script type=\"application\/ld+json\" class=\"yoast-schema-graph\">{\"@context\":\"https:\/\/schema.org\",\"@graph\":[{\"@type\":\"WebPage\",\"@id\":\"https:\/\/sdc-cotedesneiges.ca\/en\/entreprendre-a-cote-des-neiges\/\",\"url\":\"https:\/\/sdc-cotedesneiges.ca\/en\/entreprendre-a-cote-des-neiges\/\",\"name\":\"Entrepreneurship in C\u00f4te-des-Neiges - SDC C\u00f4te-des-Neiges\",\"isPartOf\":{\"@id\":\"https:\/\/sdc-cotedesneiges.ca\/en\/#website\"},\"primaryImageOfPage\":{\"@id\":\"https:\/\/sdc-cotedesneiges.ca\/en\/entreprendre-a-cote-des-neiges\/#primaryimage\"},\"image\":{\"@id\":\"https:\/\/sdc-cotedesneiges.ca\/en\/entreprendre-a-cote-des-neiges\/#primaryimage\"},\"thumbnailUrl\":\"https:\/\/sdc-cotedesneiges.ca\/wp-content\/uploads\/2024\/06\/SDCCDN2024_CoverEntaCDN-EN.png\",\"datePublished\":\"2024-04-26T18:06:19+00:00\",\"dateModified\":\"2025-07-29T16:09:30+00:00\",\"breadcrumb\":{\"@id\":\"https:\/\/sdc-cotedesneiges.ca\/en\/entreprendre-a-cote-des-neiges\/#breadcrumb\"},\"inLanguage\":\"en-US\",\"potentialAction\":[{\"@type\":\"ReadAction\",\"target\":[\"https:\/\/sdc-cotedesneiges.ca\/en\/entreprendre-a-cote-des-neiges\/\"]}]},{\"@type\":\"ImageObject\",\"inLanguage\":\"en-US\",\"@id\":\"https:\/\/sdc-cotedesneiges.ca\/en\/entreprendre-a-cote-des-neiges\/#primaryimage\",\"url\":\"https:\/\/sdc-cotedesneiges.ca\/wp-content\/uploads\/2024\/06\/SDCCDN2024_CoverEntaCDN-EN.png\",\"contentUrl\":\"https:\/\/sdc-cotedesneiges.ca\/wp-content\/uploads\/2024\/06\/SDCCDN2024_CoverEntaCDN-EN.png\"},{\"@type\":\"BreadcrumbList\",\"@id\":\"https:\/\/sdc-cotedesneiges.ca\/en\/entreprendre-a-cote-des-neiges\/#breadcrumb\",\"itemListElement\":[{\"@type\":\"ListItem\",\"position\":1,\"name\":\"Accueil\",\"item\":\"https:\/\/sdc-cotedesneiges.ca\/en\/\"},{\"@type\":\"ListItem\",\"position\":2,\"name\":\"Entrepreneurship in C\u00f4te-des-Neiges\"}]},{\"@type\":\"WebSite\",\"@id\":\"https:\/\/sdc-cotedesneiges.ca\/en\/#website\",\"url\":\"https:\/\/sdc-cotedesneiges.ca\/en\/\",\"name\":\"SDC C\u00f4te-des-Neiges\",\"description\":\"Organisme \u00e0 but non-lucratif cr\u00e9\u00e9 en 2018, la SDC C\u00f4te-des-Neiges regroupe 230 commer\u00e7ants et professionnels.\",\"publisher\":{\"@id\":\"https:\/\/sdc-cotedesneiges.ca\/en\/#organization\"},\"potentialAction\":[{\"@type\":\"SearchAction\",\"target\":{\"@type\":\"EntryPoint\",\"urlTemplate\":\"https:\/\/sdc-cotedesneiges.ca\/en\/?s={search_term_string}\"},\"query-input\":{\"@type\":\"PropertyValueSpecification\",\"valueRequired\":true,\"valueName\":\"search_term_string\"}}],\"inLanguage\":\"en-US\"},{\"@type\":\"Organization\",\"@id\":\"https:\/\/sdc-cotedesneiges.ca\/en\/#organization\",\"name\":\"SDC C\u00f4te-des-Neiges\",\"url\":\"https:\/\/sdc-cotedesneiges.ca\/en\/\",\"logo\":{\"@type\":\"ImageObject\",\"inLanguage\":\"en-US\",\"@id\":\"https:\/\/sdc-cotedesneiges.ca\/en\/#\/schema\/logo\/image\/\",\"url\":\"https:\/\/sdc-cotedesneiges.ca\/wp-content\/uploads\/2020\/05\/logo-sdc-cote-des-neiges.png\",\"contentUrl\":\"https:\/\/sdc-cotedesneiges.ca\/wp-content\/uploads\/2020\/05\/logo-sdc-cote-des-neiges.png\",\"width\":1221,\"height\":1290,\"caption\":\"SDC C\u00f4te-des-Neiges\"},\"image\":{\"@id\":\"https:\/\/sdc-cotedesneiges.ca\/en\/#\/schema\/logo\/image\/\"},\"sameAs\":[\"https:\/\/www.facebook.com\/sdc.cotedesneiges\/\",\"https:\/\/www.instagram.com\/sdc.cotedesneiges\/\",\"https:\/\/www.linkedin.com\/company\/sdc-cotedesneiges\/\"]}]}<\/script>\n<!-- \/ Yoast SEO plugin. -->","yoast_head_json":{"title":"Entrepreneurship in C\u00f4te-des-Neiges - SDC C\u00f4te-des-Neiges","robots":{"index":"index","follow":"follow","max-snippet":"max-snippet:-1","max-image-preview":"max-image-preview:large","max-video-preview":"max-video-preview:-1"},"canonical":"https:\/\/sdc-cotedesneiges.ca\/en\/entreprendre-a-cote-des-neiges\/","og_locale":"en_US","og_type":"article","og_title":"Entrepreneurship in C\u00f4te-des-Neiges - SDC C\u00f4te-des-Neiges","og_description":"Mission of SDC C\u00f4te-des-Neiges The mission of the Soci\u00e9t\u00e9 de d\u00e9veloppement commercial (SDC) C\u00f4te-des-Neiges is... Read More","og_url":"https:\/\/sdc-cotedesneiges.ca\/en\/entreprendre-a-cote-des-neiges\/","og_site_name":"SDC C\u00f4te-des-Neiges","article_publisher":"https:\/\/www.facebook.com\/sdc.cotedesneiges\/","article_modified_time":"2025-07-29T16:09:30+00:00","og_image":[{"width":940,"height":530,"url":"https:\/\/sdc-cotedesneiges.ca\/wp-content\/uploads\/2024\/06\/SDCCDN2024_CoverEntaCDN-EN.png","type":"image\/png"}],"twitter_card":"summary_large_image","twitter_misc":{"Est. reading time":"4 minutes"},"schema":{"@context":"https:\/\/schema.org","@graph":[{"@type":"WebPage","@id":"https:\/\/sdc-cotedesneiges.ca\/en\/entreprendre-a-cote-des-neiges\/","url":"https:\/\/sdc-cotedesneiges.ca\/en\/entreprendre-a-cote-des-neiges\/","name":"Entrepreneurship in C\u00f4te-des-Neiges - SDC C\u00f4te-des-Neiges","isPartOf":{"@id":"https:\/\/sdc-cotedesneiges.ca\/en\/#website"},"primaryImageOfPage":{"@id":"https:\/\/sdc-cotedesneiges.ca\/en\/entreprendre-a-cote-des-neiges\/#primaryimage"},"image":{"@id":"https:\/\/sdc-cotedesneiges.ca\/en\/entreprendre-a-cote-des-neiges\/#primaryimage"},"thumbnailUrl":"https:\/\/sdc-cotedesneiges.ca\/wp-content\/uploads\/2024\/06\/SDCCDN2024_CoverEntaCDN-EN.png","datePublished":"2024-04-26T18:06:19+00:00","dateModified":"2025-07-29T16:09:30+00:00","breadcrumb":{"@id":"https:\/\/sdc-cotedesneiges.ca\/en\/entreprendre-a-cote-des-neiges\/#breadcrumb"},"inLanguage":"en-US","potentialAction":[{"@type":"ReadAction","target":["https:\/\/sdc-cotedesneiges.ca\/en\/entreprendre-a-cote-des-neiges\/"]}]},{"@type":"ImageObject","inLanguage":"en-US","@id":"https:\/\/sdc-cotedesneiges.ca\/en\/entreprendre-a-cote-des-neiges\/#primaryimage","url":"https:\/\/sdc-cotedesneiges.ca\/wp-content\/uploads\/2024\/06\/SDCCDN2024_CoverEntaCDN-EN.png","contentUrl":"https:\/\/sdc-cotedesneiges.ca\/wp-content\/uploads\/2024\/06\/SDCCDN2024_CoverEntaCDN-EN.png"},{"@type":"BreadcrumbList","@id":"https:\/\/sdc-cotedesneiges.ca\/en\/entreprendre-a-cote-des-neiges\/#breadcrumb","itemListElement":[{"@type":"ListItem","position":1,"name":"Accueil","item":"https:\/\/sdc-cotedesneiges.ca\/en\/"},{"@type":"ListItem","position":2,"name":"Entrepreneurship in C\u00f4te-des-Neiges"}]},{"@type":"WebSite","@id":"https:\/\/sdc-cotedesneiges.ca\/en\/#website","url":"https:\/\/sdc-cotedesneiges.ca\/en\/","name":"SDC C\u00f4te-des-Neiges","description":"Organisme \u00e0 but non-lucratif cr\u00e9\u00e9 en 2018, la SDC C\u00f4te-des-Neiges regroupe 230 commer\u00e7ants et professionnels.","publisher":{"@id":"https:\/\/sdc-cotedesneiges.ca\/en\/#organization"},"potentialAction":[{"@type":"SearchAction","target":{"@type":"EntryPoint","urlTemplate":"https:\/\/sdc-cotedesneiges.ca\/en\/?s={search_term_string}"},"query-input":{"@type":"PropertyValueSpecification","valueRequired":true,"valueName":"search_term_string"}}],"inLanguage":"en-US"},{"@type":"Organization","@id":"https:\/\/sdc-cotedesneiges.ca\/en\/#organization","name":"SDC C\u00f4te-des-Neiges","url":"https:\/\/sdc-cotedesneiges.ca\/en\/","logo":{"@type":"ImageObject","inLanguage":"en-US","@id":"https:\/\/sdc-cotedesneiges.ca\/en\/#\/schema\/logo\/image\/","url":"https:\/\/sdc-cotedesneiges.ca\/wp-content\/uploads\/2020\/05\/logo-sdc-cote-des-neiges.png","contentUrl":"https:\/\/sdc-cotedesneiges.ca\/wp-content\/uploads\/2020\/05\/logo-sdc-cote-des-neiges.png","width":1221,"height":1290,"caption":"SDC C\u00f4te-des-Neiges"},"image":{"@id":"https:\/\/sdc-cotedesneiges.ca\/en\/#\/schema\/logo\/image\/"},"sameAs":["https:\/\/www.facebook.com\/sdc.cotedesneiges\/","https:\/\/www.instagram.com\/sdc.cotedesneiges\/","https:\/\/www.linkedin.com\/company\/sdc-cotedesneiges\/"]}]}},"_links":{"self":[{"href":"https:\/\/sdc-cotedesneiges.ca\/en\/wp-json\/wp\/v2\/pages\/24345","targetHints":{"allow":["GET"]}}],"collection":[{"href":"https:\/\/sdc-cotedesneiges.ca\/en\/wp-json\/wp\/v2\/pages"}],"about":[{"href":"https:\/\/sdc-cotedesneiges.ca\/en\/wp-json\/wp\/v2\/types\/page"}],"author":[{"embeddable":true,"href":"https:\/\/sdc-cotedesneiges.ca\/en\/wp-json\/wp\/v2\/users\/2"}],"replies":[{"embeddable":true,"href":"https:\/\/sdc-cotedesneiges.ca\/en\/wp-json\/wp\/v2\/comments?post=24345"}],"version-history":[{"count":7,"href":"https:\/\/sdc-cotedesneiges.ca\/en\/wp-json\/wp\/v2\/pages\/24345\/revisions"}],"predecessor-version":[{"id":26779,"href":"https:\/\/sdc-cotedesneiges.ca\/en\/wp-json\/wp\/v2\/pages\/24345\/revisions\/26779"}],"wp:attachment":[{"href":"https:\/\/sdc-cotedesneiges.ca\/en\/wp-json\/wp\/v2\/media?parent=24345"}],"curies":[{"name":"wp","href":"https:\/\/api.w.org\/{rel}","templated":true}]}}