{"id":23881,"date":"2024-03-14T08:58:54","date_gmt":"2024-03-14T12:58:54","guid":{"rendered":"https:\/\/sdc-cotedesneiges.ca\/joffrecdn\/"},"modified":"2025-03-18T11:27:22","modified_gmt":"2025-03-18T15:27:22","slug":"joffrecdn","status":"publish","type":"page","link":"https:\/\/sdc-cotedesneiges.ca\/en\/joffrecdn\/","title":{"rendered":"J&#8217;offre CDN"},"content":{"rendered":"\n<div style=\"height:100px\" aria-hidden=\"true\" class=\"wp-block-spacer\"><\/div>\n\n\n\n<div class=\"wp-block-columns is-layout-flex wp-container-core-columns-is-layout-1 wp-block-columns-is-layout-flex\">\n<div class=\"wp-block-column is-layout-flow wp-block-column-is-layout-flow\"><\/div>\n\n\n\n<div class=\"wp-block-column is-layout-flow wp-block-column-is-layout-flow\">\n<h2 class=\"wp-block-heading\">J&#8217;offreCDN: Cote-des-Neiges&#8217; very first transactional gift card!<\/h2>\n\n\n\n<div style=\"height:37px\" aria-hidden=\"true\" class=\"wp-block-spacer\"><\/div>\n<\/div>\n\n\n\n<div class=\"wp-block-column is-layout-flow wp-block-column-is-layout-flow\"><\/div>\n<\/div>\n\n\n\n<div class=\"wp-block-columns is-layout-flex wp-container-core-columns-is-layout-2 wp-block-columns-is-layout-flex\">\n<div class=\"wp-block-column is-layout-flow wp-block-column-is-layout-flow\"><\/div>\n\n\n\n<div class=\"wp-block-column is-layout-flow wp-block-column-is-layout-flow\">\n<figure class=\"wp-block-image size-full\"><img loading=\"lazy\" decoding=\"async\" width=\"1080\" height=\"1080\" src=\"https:\/\/sdc-cotedesneiges.ca\/wp-content\/uploads\/2024\/11\/SDCCDN2024_VisuelOfficielJoffreCDN.png\" alt=\"\" class=\"wp-image-25716\" srcset=\"https:\/\/sdc-cotedesneiges.ca\/wp-content\/uploads\/2024\/11\/SDCCDN2024_VisuelOfficielJoffreCDN.png 1080w, https:\/\/sdc-cotedesneiges.ca\/wp-content\/uploads\/2024\/11\/SDCCDN2024_VisuelOfficielJoffreCDN-750x750.png 750w, https:\/\/sdc-cotedesneiges.ca\/wp-content\/uploads\/2024\/11\/SDCCDN2024_VisuelOfficielJoffreCDN-1024x1024.png 1024w, https:\/\/sdc-cotedesneiges.ca\/wp-content\/uploads\/2024\/11\/SDCCDN2024_VisuelOfficielJoffreCDN-300x300.png 300w, https:\/\/sdc-cotedesneiges.ca\/wp-content\/uploads\/2024\/11\/SDCCDN2024_VisuelOfficielJoffreCDN-768x768.png 768w\" sizes=\"auto, (max-width: 1080px) 100vw, 1080px\" \/><\/figure>\n\n\n\n<div style=\"height:46px\" aria-hidden=\"true\" class=\"wp-block-spacer\"><\/div>\n\n\n\n<blockquote class=\"wp-block-quote is-layout-flow wp-block-quote-is-layout-flow\">\n<hr class=\"wp-block-separator has-alpha-channel-opacity\"\/>\n<\/blockquote>\n\n\n\n<p><strong>Discover C\u00f4te-des-Neiges&#8217; very first transactional gift card #JoffreCDN!<\/strong><\/p>\n\n\n\n<p>A prepaid card that lets you offer C\u00f4te-des-Neiges businesses as gifts to friends, colleagues or employees, for a convenient, flexible and 100% local shopping experience!<\/p>\n\n\n\n<p><strong>How does it work?<\/strong><\/p>\n\n\n\n<p>The J&#8217;offreCDN gift card can be ordered online here.<\/p>\n\n\n\n<p><strong>Please click on one of the following two options to proceed to checkout:<\/strong><\/p>\n\n\n\n<h3 class=\"wp-block-heading\">Offer a gift card to your loved ones:<\/h3>\n\n\n\n<div class=\"wp-block-buttons is-layout-flex wp-block-buttons-is-layout-flex\">\n<div class=\"wp-block-button has-custom-width wp-block-button__width-100 has-custom-font-size is-style-fill has-medium-font-size\"><a class=\"wp-block-button__link has-white-color has-jaune-background-color has-text-color has-background has-link-color wp-element-button\" href=\"https:\/\/espacehello.ca\/sdc-cotedesneiges\/offers\/OFF-3UWM-UPAE\" style=\"border-radius:100px\" target=\"_blank\" rel=\"noreferrer noopener\">Click here!<\/a><\/div>\n<\/div>\n\n\n\n<div style=\"height:28px\" aria-hidden=\"true\" class=\"wp-block-spacer\"><\/div>\n\n\n\n<h3 class=\"wp-block-heading\">Offer your employees a gift :<\/h3>\n\n\n\n<div class=\"wp-block-buttons is-layout-flex wp-block-buttons-is-layout-flex\">\n<div class=\"wp-block-button has-custom-width wp-block-button__width-100 has-custom-font-size has-medium-font-size\"><a class=\"wp-block-button__link has-white-color has-jaune-background-color has-text-color has-background has-link-color wp-element-button\" href=\"https:\/\/espacehello.ca\/sdc-cotedesneiges\/corpo\/offers\/OFF-3UWM-UPAE\" style=\"border-radius:100px\" target=\"_blank\" rel=\"noreferrer noopener\">Click here!<\/a><\/div>\n<\/div>\n\n\n\n<div style=\"height:36px\" aria-hidden=\"true\" class=\"wp-block-spacer\"><\/div>\n\n\n\n<p><strong>The gift card is valid for purchases in over 20 SDC C\u00f4te-des-Neiges stores, grocery stores, caf\u00e9s and restaurants, offering a variety of options for all tastes and occasions:<\/strong><\/p>\n\n\n\n<p><\/p>\n\n\n\n<ul class=\"wp-block-list\">\n<li>Boucherie Atlantique<\/li>\n\n\n\n<li>Dollarth\u00e8que<\/li>\n\n\n\n<li>Duc de Lorraine<\/li>\n\n\n\n<li>Exo Fruits<\/li>\n\n\n\n<li>J\u00e9r\u00f4me B Espace Coiffure<\/li>\n\n\n\n<li>March\u00e9 du Village CDN<\/li>\n\n\n\n<li>La Maisonn\u00e9e<\/li>\n\n\n\n<li>Poka\u2019i<\/li>\n\n\n\n<li>Pizza Show<\/li>\n\n\n\n<li>Monteiro CDN<\/li>\n\n\n\n<li>Pub Mc Carold&#8217;s<\/li>\n\n\n\n<li>Mstar<\/li>\n\n\n\n<li>Total tech<\/li>\n\n\n\n<li>Mon Ami BBQ CDN<\/li>\n\n\n\n<li>Allo mon coco &#8211; CDN<\/li>\n\n\n\n<li>Caravane caf\u00e9<\/li>\n\n\n\n<li>Caf\u00e9 L\u00e9onidas<\/li>\n\n\n\n<li>D\u00e9lices du Maghreb<\/li>\n\n\n\n<li>Quincaillerie Cote-des-Neiges<\/li>\n<\/ul>\n\n\n\n<p><em>J&#8217;offreCDN is an initiative of SDC C\u00f4te-des-Neiges, made possible through a collaboration with the Hello platform and SDC C\u00f4te-des-Neiges businesses.<\/em><\/p>\n<\/div>\n\n\n\n<div class=\"wp-block-column is-layout-flow wp-block-column-is-layout-flow\"><\/div>\n<\/div>\n","protected":false},"excerpt":{"rendered":"<p>J&#8217;offreCDN: Cote-des-Neiges&#8217; very first transactional gift card! Discover C\u00f4te-des-Neiges&#8217; very first transactional gift card #JoffreCDN!&#8230; <a class=\"read-more\" href=\"https:\/\/sdc-cotedesneiges.ca\/en\/joffrecdn\/\">Read More <i class=\"fas fa-arrow-right\"><\/i><\/a><\/p>\n","protected":false},"author":2,"featured_media":0,"parent":0,"menu_order":0,"comment_status":"closed","ping_status":"closed","template":"","meta":{"_acf_changed":false,"footnotes":""},"class_list":["post-23881","page","type-page","status-publish","hentry"],"acf":[],"yoast_head":"<!-- This site is optimized with the Yoast SEO plugin v24.5 - https:\/\/yoast.com\/wordpress\/plugins\/seo\/ -->\n<title>J&#039;offre CDN - SDC C\u00f4te-des-Neiges<\/title>\n<meta name=\"robots\" content=\"index, follow, max-snippet:-1, max-image-preview:large, max-video-preview:-1\" \/>\n<link rel=\"canonical\" href=\"https:\/\/sdc-cotedesneiges.ca\/en\/joffrecdn\/\" \/>\n<meta property=\"og:locale\" content=\"en_US\" \/>\n<meta property=\"og:type\" content=\"article\" \/>\n<meta property=\"og:title\" content=\"J&#039;offre CDN - SDC C\u00f4te-des-Neiges\" \/>\n<meta property=\"og:description\" content=\"J&#8217;offreCDN: Cote-des-Neiges&#8217; very first transactional gift card! Discover C\u00f4te-des-Neiges&#8217; very first transactional gift card #JoffreCDN!... Read More\" \/>\n<meta property=\"og:url\" content=\"https:\/\/sdc-cotedesneiges.ca\/en\/joffrecdn\/\" \/>\n<meta property=\"og:site_name\" content=\"SDC C\u00f4te-des-Neiges\" \/>\n<meta property=\"article:publisher\" content=\"https:\/\/www.facebook.com\/sdc.cotedesneiges\/\" \/>\n<meta property=\"article:modified_time\" content=\"2025-03-18T15:27:22+00:00\" \/>\n<meta property=\"og:image\" content=\"https:\/\/sdc-cotedesneiges.ca\/wp-content\/uploads\/2024\/11\/SDCCDN2024_VisuelOfficielJoffreCDN.png\" \/>\n\t<meta property=\"og:image:width\" content=\"1080\" \/>\n\t<meta property=\"og:image:height\" content=\"1080\" \/>\n\t<meta property=\"og:image:type\" content=\"image\/png\" \/>\n<meta name=\"twitter:card\" content=\"summary_large_image\" \/>\n<meta name=\"twitter:label1\" content=\"Est. reading time\" \/>\n\t<meta name=\"twitter:data1\" content=\"2 minutes\" \/>\n<script type=\"application\/ld+json\" class=\"yoast-schema-graph\">{\"@context\":\"https:\/\/schema.org\",\"@graph\":[{\"@type\":\"WebPage\",\"@id\":\"https:\/\/sdc-cotedesneiges.ca\/en\/joffrecdn\/\",\"url\":\"https:\/\/sdc-cotedesneiges.ca\/en\/joffrecdn\/\",\"name\":\"J'offre CDN - SDC C\u00f4te-des-Neiges\",\"isPartOf\":{\"@id\":\"https:\/\/sdc-cotedesneiges.ca\/en\/#website\"},\"primaryImageOfPage\":{\"@id\":\"https:\/\/sdc-cotedesneiges.ca\/en\/joffrecdn\/#primaryimage\"},\"image\":{\"@id\":\"https:\/\/sdc-cotedesneiges.ca\/en\/joffrecdn\/#primaryimage\"},\"thumbnailUrl\":\"https:\/\/sdc-cotedesneiges.ca\/wp-content\/uploads\/2024\/11\/SDCCDN2024_VisuelOfficielJoffreCDN.png\",\"datePublished\":\"2024-03-14T12:58:54+00:00\",\"dateModified\":\"2025-03-18T15:27:22+00:00\",\"breadcrumb\":{\"@id\":\"https:\/\/sdc-cotedesneiges.ca\/en\/joffrecdn\/#breadcrumb\"},\"inLanguage\":\"en-US\",\"potentialAction\":[{\"@type\":\"ReadAction\",\"target\":[\"https:\/\/sdc-cotedesneiges.ca\/en\/joffrecdn\/\"]}]},{\"@type\":\"ImageObject\",\"inLanguage\":\"en-US\",\"@id\":\"https:\/\/sdc-cotedesneiges.ca\/en\/joffrecdn\/#primaryimage\",\"url\":\"https:\/\/sdc-cotedesneiges.ca\/wp-content\/uploads\/2024\/11\/SDCCDN2024_VisuelOfficielJoffreCDN.png\",\"contentUrl\":\"https:\/\/sdc-cotedesneiges.ca\/wp-content\/uploads\/2024\/11\/SDCCDN2024_VisuelOfficielJoffreCDN.png\"},{\"@type\":\"BreadcrumbList\",\"@id\":\"https:\/\/sdc-cotedesneiges.ca\/en\/joffrecdn\/#breadcrumb\",\"itemListElement\":[{\"@type\":\"ListItem\",\"position\":1,\"name\":\"Accueil\",\"item\":\"https:\/\/sdc-cotedesneiges.ca\/en\/\"},{\"@type\":\"ListItem\",\"position\":2,\"name\":\"J&rsquo;offre CDN\"}]},{\"@type\":\"WebSite\",\"@id\":\"https:\/\/sdc-cotedesneiges.ca\/en\/#website\",\"url\":\"https:\/\/sdc-cotedesneiges.ca\/en\/\",\"name\":\"SDC C\u00f4te-des-Neiges\",\"description\":\"Organisme \u00e0 but non-lucratif cr\u00e9\u00e9 en 2018, la SDC C\u00f4te-des-Neiges regroupe 230 commer\u00e7ants et professionnels.\",\"publisher\":{\"@id\":\"https:\/\/sdc-cotedesneiges.ca\/en\/#organization\"},\"potentialAction\":[{\"@type\":\"SearchAction\",\"target\":{\"@type\":\"EntryPoint\",\"urlTemplate\":\"https:\/\/sdc-cotedesneiges.ca\/en\/?s={search_term_string}\"},\"query-input\":{\"@type\":\"PropertyValueSpecification\",\"valueRequired\":true,\"valueName\":\"search_term_string\"}}],\"inLanguage\":\"en-US\"},{\"@type\":\"Organization\",\"@id\":\"https:\/\/sdc-cotedesneiges.ca\/en\/#organization\",\"name\":\"SDC C\u00f4te-des-Neiges\",\"url\":\"https:\/\/sdc-cotedesneiges.ca\/en\/\",\"logo\":{\"@type\":\"ImageObject\",\"inLanguage\":\"en-US\",\"@id\":\"https:\/\/sdc-cotedesneiges.ca\/en\/#\/schema\/logo\/image\/\",\"url\":\"https:\/\/sdc-cotedesneiges.ca\/wp-content\/uploads\/2020\/05\/logo-sdc-cote-des-neiges.png\",\"contentUrl\":\"https:\/\/sdc-cotedesneiges.ca\/wp-content\/uploads\/2020\/05\/logo-sdc-cote-des-neiges.png\",\"width\":1221,\"height\":1290,\"caption\":\"SDC C\u00f4te-des-Neiges\"},\"image\":{\"@id\":\"https:\/\/sdc-cotedesneiges.ca\/en\/#\/schema\/logo\/image\/\"},\"sameAs\":[\"https:\/\/www.facebook.com\/sdc.cotedesneiges\/\",\"https:\/\/www.instagram.com\/sdc.cotedesneiges\/\",\"https:\/\/www.linkedin.com\/company\/sdc-cotedesneiges\/\"]}]}<\/script>\n<!-- \/ Yoast SEO plugin. -->","yoast_head_json":{"title":"J'offre CDN - SDC C\u00f4te-des-Neiges","robots":{"index":"index","follow":"follow","max-snippet":"max-snippet:-1","max-image-preview":"max-image-preview:large","max-video-preview":"max-video-preview:-1"},"canonical":"https:\/\/sdc-cotedesneiges.ca\/en\/joffrecdn\/","og_locale":"en_US","og_type":"article","og_title":"J'offre CDN - SDC C\u00f4te-des-Neiges","og_description":"J&#8217;offreCDN: Cote-des-Neiges&#8217; very first transactional gift card! Discover C\u00f4te-des-Neiges&#8217; very first transactional gift card #JoffreCDN!... Read More","og_url":"https:\/\/sdc-cotedesneiges.ca\/en\/joffrecdn\/","og_site_name":"SDC C\u00f4te-des-Neiges","article_publisher":"https:\/\/www.facebook.com\/sdc.cotedesneiges\/","article_modified_time":"2025-03-18T15:27:22+00:00","og_image":[{"width":1080,"height":1080,"url":"https:\/\/sdc-cotedesneiges.ca\/wp-content\/uploads\/2024\/11\/SDCCDN2024_VisuelOfficielJoffreCDN.png","type":"image\/png"}],"twitter_card":"summary_large_image","twitter_misc":{"Est. reading time":"2 minutes"},"schema":{"@context":"https:\/\/schema.org","@graph":[{"@type":"WebPage","@id":"https:\/\/sdc-cotedesneiges.ca\/en\/joffrecdn\/","url":"https:\/\/sdc-cotedesneiges.ca\/en\/joffrecdn\/","name":"J'offre CDN - SDC C\u00f4te-des-Neiges","isPartOf":{"@id":"https:\/\/sdc-cotedesneiges.ca\/en\/#website"},"primaryImageOfPage":{"@id":"https:\/\/sdc-cotedesneiges.ca\/en\/joffrecdn\/#primaryimage"},"image":{"@id":"https:\/\/sdc-cotedesneiges.ca\/en\/joffrecdn\/#primaryimage"},"thumbnailUrl":"https:\/\/sdc-cotedesneiges.ca\/wp-content\/uploads\/2024\/11\/SDCCDN2024_VisuelOfficielJoffreCDN.png","datePublished":"2024-03-14T12:58:54+00:00","dateModified":"2025-03-18T15:27:22+00:00","breadcrumb":{"@id":"https:\/\/sdc-cotedesneiges.ca\/en\/joffrecdn\/#breadcrumb"},"inLanguage":"en-US","potentialAction":[{"@type":"ReadAction","target":["https:\/\/sdc-cotedesneiges.ca\/en\/joffrecdn\/"]}]},{"@type":"ImageObject","inLanguage":"en-US","@id":"https:\/\/sdc-cotedesneiges.ca\/en\/joffrecdn\/#primaryimage","url":"https:\/\/sdc-cotedesneiges.ca\/wp-content\/uploads\/2024\/11\/SDCCDN2024_VisuelOfficielJoffreCDN.png","contentUrl":"https:\/\/sdc-cotedesneiges.ca\/wp-content\/uploads\/2024\/11\/SDCCDN2024_VisuelOfficielJoffreCDN.png"},{"@type":"BreadcrumbList","@id":"https:\/\/sdc-cotedesneiges.ca\/en\/joffrecdn\/#breadcrumb","itemListElement":[{"@type":"ListItem","position":1,"name":"Accueil","item":"https:\/\/sdc-cotedesneiges.ca\/en\/"},{"@type":"ListItem","position":2,"name":"J&rsquo;offre CDN"}]},{"@type":"WebSite","@id":"https:\/\/sdc-cotedesneiges.ca\/en\/#website","url":"https:\/\/sdc-cotedesneiges.ca\/en\/","name":"SDC C\u00f4te-des-Neiges","description":"Organisme \u00e0 but non-lucratif cr\u00e9\u00e9 en 2018, la SDC C\u00f4te-des-Neiges regroupe 230 commer\u00e7ants et professionnels.","publisher":{"@id":"https:\/\/sdc-cotedesneiges.ca\/en\/#organization"},"potentialAction":[{"@type":"SearchAction","target":{"@type":"EntryPoint","urlTemplate":"https:\/\/sdc-cotedesneiges.ca\/en\/?s={search_term_string}"},"query-input":{"@type":"PropertyValueSpecification","valueRequired":true,"valueName":"search_term_string"}}],"inLanguage":"en-US"},{"@type":"Organization","@id":"https:\/\/sdc-cotedesneiges.ca\/en\/#organization","name":"SDC C\u00f4te-des-Neiges","url":"https:\/\/sdc-cotedesneiges.ca\/en\/","logo":{"@type":"ImageObject","inLanguage":"en-US","@id":"https:\/\/sdc-cotedesneiges.ca\/en\/#\/schema\/logo\/image\/","url":"https:\/\/sdc-cotedesneiges.ca\/wp-content\/uploads\/2020\/05\/logo-sdc-cote-des-neiges.png","contentUrl":"https:\/\/sdc-cotedesneiges.ca\/wp-content\/uploads\/2020\/05\/logo-sdc-cote-des-neiges.png","width":1221,"height":1290,"caption":"SDC C\u00f4te-des-Neiges"},"image":{"@id":"https:\/\/sdc-cotedesneiges.ca\/en\/#\/schema\/logo\/image\/"},"sameAs":["https:\/\/www.facebook.com\/sdc.cotedesneiges\/","https:\/\/www.instagram.com\/sdc.cotedesneiges\/","https:\/\/www.linkedin.com\/company\/sdc-cotedesneiges\/"]}]}},"_links":{"self":[{"href":"https:\/\/sdc-cotedesneiges.ca\/en\/wp-json\/wp\/v2\/pages\/23881","targetHints":{"allow":["GET"]}}],"collection":[{"href":"https:\/\/sdc-cotedesneiges.ca\/en\/wp-json\/wp\/v2\/pages"}],"about":[{"href":"https:\/\/sdc-cotedesneiges.ca\/en\/wp-json\/wp\/v2\/types\/page"}],"author":[{"embeddable":true,"href":"https:\/\/sdc-cotedesneiges.ca\/en\/wp-json\/wp\/v2\/users\/2"}],"replies":[{"embeddable":true,"href":"https:\/\/sdc-cotedesneiges.ca\/en\/wp-json\/wp\/v2\/comments?post=23881"}],"version-history":[{"count":8,"href":"https:\/\/sdc-cotedesneiges.ca\/en\/wp-json\/wp\/v2\/pages\/23881\/revisions"}],"predecessor-version":[{"id":26162,"href":"https:\/\/sdc-cotedesneiges.ca\/en\/wp-json\/wp\/v2\/pages\/23881\/revisions\/26162"}],"wp:attachment":[{"href":"https:\/\/sdc-cotedesneiges.ca\/en\/wp-json\/wp\/v2\/media?parent=23881"}],"curies":[{"name":"wp","href":"https:\/\/api.w.org\/{rel}","templated":true}]}}