{"id":18130,"date":"2020-04-02T14:45:17","date_gmt":"2020-04-02T18:45:17","guid":{"rendered":"https:\/\/sdc-cotedesneiges.ca\/?page_id=18130"},"modified":"2022-09-13T11:18:01","modified_gmt":"2022-09-13T15:18:01","slug":"7-entrevues-portraits-de-commercant-e-s-de-professionnel-le-s-de-cote-des-neiges","status":"publish","type":"page","link":"https:\/\/sdc-cotedesneiges.ca\/en\/7-entrevues-portraits-de-commercant-e-s-de-professionnel-le-s-de-cote-des-neiges\/","title":{"rendered":"7 Entrevues : Portraits de commer\u00e7ant.e.s &#038; de professionnel.le.s de C\u00f4te-des-Neiges"},"content":{"rendered":"\n<div style=\"height:75px\" aria-hidden=\"true\" class=\"wp-block-spacer\"><\/div>\n\n\n<div class=\"wp-block-image\">\n<figure class=\"aligncenter size-large\"><img loading=\"lazy\" decoding=\"async\" width=\"1024\" height=\"681\" src=\"https:\/\/sdc-cotedesneiges.ca\/wp-content\/uploads\/2022\/09\/SDCCDN2022_Panneauintro-1-1024x681.png\" alt=\"\" class=\"wp-image-17985\" srcset=\"https:\/\/sdc-cotedesneiges.ca\/wp-content\/uploads\/2022\/09\/SDCCDN2022_Panneauintro-1-1024x681.png 1024w, https:\/\/sdc-cotedesneiges.ca\/wp-content\/uploads\/2022\/09\/SDCCDN2022_Panneauintro-1-750x499.png 750w, https:\/\/sdc-cotedesneiges.ca\/wp-content\/uploads\/2022\/09\/SDCCDN2022_Panneauintro-1-300x199.png 300w, https:\/\/sdc-cotedesneiges.ca\/wp-content\/uploads\/2022\/09\/SDCCDN2022_Panneauintro-1-768x511.png 768w, https:\/\/sdc-cotedesneiges.ca\/wp-content\/uploads\/2022\/09\/SDCCDN2022_Panneauintro-1.png 1232w\" sizes=\"auto, (max-width: 1024px) 100vw, 1024px\" \/><\/figure><\/div>\n\n\n<div style=\"height:39px\" aria-hidden=\"true\" class=\"wp-block-spacer\"><\/div>\n\n\n\n<div class=\"wp-block-columns are-vertically-aligned-top is-layout-flex wp-container-core-columns-is-layout-1 wp-block-columns-is-layout-flex\">\n<div class=\"wp-block-column is-vertically-aligned-top hidden-m is-layout-flow wp-block-column-is-layout-flow\" style=\"flex-basis:10%\"><\/div>\n<\/div>\n\n\n\n<div class=\"wp-block-group\"><div class=\"wp-block-group__inner-container is-layout-flow wp-block-group-is-layout-flow\">\n<div class=\"wp-block-columns colonnes-m-12 is-layout-flex wp-container-core-columns-is-layout-2 wp-block-columns-is-layout-flex\">\n<div class=\"wp-block-column hidden-m is-layout-flow wp-block-column-is-layout-flow\" style=\"flex-basis:25%\">\n<p><\/p>\n<\/div>\n\n\n\n<div class=\"wp-block-column is-layout-flow wp-block-column-is-layout-flow\" style=\"flex-basis:50%\">\n<p class=\"has-text-align-left\"><strong><strong><strong>As part of the Portraits of merchants &amp; professionals of C\u00f4te-des-Neiges project, we invited Zeineb Khalfallah (@zeineb_conscience on Instagram) to join us in our visit of 11 businesses of the SDC C\u00f4te-des-Neiges who have participated in the project.<\/strong><\/strong><\/strong><\/p>\n\n\n\n<div style=\"height:50px\" aria-hidden=\"true\" class=\"wp-block-spacer\"><\/div>\n\n\n\n<h2 class=\"has-text-align-left has-black-color has-text-color wp-block-heading\" style=\"font-size:25px\">Meet Marie-Jos\u00e9e and Francis | Portraits of merchants and professionals of C\u00f4te-des-Neiges<\/h2>\n\n\n\n<figure class=\"wp-block-image size-large\"><img loading=\"lazy\" decoding=\"async\" width=\"1024\" height=\"687\" src=\"https:\/\/sdc-cotedesneiges.ca\/wp-content\/uploads\/2022\/09\/SCDCDN2022_CorrLamaisonnee-2-1024x687.png\" alt=\"\" class=\"wp-image-18596\" srcset=\"https:\/\/sdc-cotedesneiges.ca\/wp-content\/uploads\/2022\/09\/SCDCDN2022_CorrLamaisonnee-2-1024x687.png 1024w, https:\/\/sdc-cotedesneiges.ca\/wp-content\/uploads\/2022\/09\/SCDCDN2022_CorrLamaisonnee-2-750x503.png 750w, https:\/\/sdc-cotedesneiges.ca\/wp-content\/uploads\/2022\/09\/SCDCDN2022_CorrLamaisonnee-2-300x201.png 300w, https:\/\/sdc-cotedesneiges.ca\/wp-content\/uploads\/2022\/09\/SCDCDN2022_CorrLamaisonnee-2-768x515.png 768w, https:\/\/sdc-cotedesneiges.ca\/wp-content\/uploads\/2022\/09\/SCDCDN2022_CorrLamaisonnee-2.png 1236w\" sizes=\"auto, (max-width: 1024px) 100vw, 1024px\" \/><\/figure>\n\n\n\n<div style=\"height:50px\" aria-hidden=\"true\" class=\"wp-block-spacer\"><\/div>\n\n\n\n<p><strong>Learn more about your merchants and professionals of the C\u00f4te-des-Neiges district! \/\/ Let&#8217;s meet with : Marie-Jos\u00e9e B\u00e9langer and Francis Costanzo, Co-Owners of La Maisonn\u00e9e<\/strong><\/p>\n\n\n\n<div style=\"height:20px\" aria-hidden=\"true\" class=\"wp-block-spacer\"><\/div>\n\n\n\n<p>Authentic and warm, this is how we would describe La Maisonn\u00e9e bar, which has been welcoming students and young workers of C\u00f4te-des-Neiges for 50 years.<\/p>\n\n\n\n<p>Upon our arrival, we were warmly welcomed by Francis Costanzo and Marie-Jos\u00e9e B\u00e9langer, both co-owners of the space.<\/p>\n\n\n\n<p>From the very first moment, we quickly understood why La Maisonn\u00e9e bears its name: you feel right at home.<\/p>\n\n\n\n<p>Francis and Marie-Jos\u00e9e immediately put us at ease through their active listening and their openness to share their vision as entrepreneurs.<\/p>\n\n\n\n<p>Originally from Sorel, Marie-Jos\u00e9e left her hometown 30 years ago to build her career in Montreal.<\/p>\n\n\n\n<p>La Maisonn\u00e9e was her reference point as she has been working there since 2006. She worked first as a server, then as a manager, before becoming a co-owner.<\/p>\n\n\n\n<p>At the time, Marie-Jos\u00e9e was looking for new challenges when the founders offered to sell the bar.<\/p>\n\n\n\n<p>This event undoubtedly spiced up her daily life as she was able to take up the challenge!&nbsp;<\/p>\n\n\n\n<p>Since then, Marie-Jos\u00e9e has flourished in her role as an entrepreneur and is happy to run the place with the other two co-owners, Francis Costanzo and Arnaud Souqui\u00e8re.<\/p>\n\n\n\n<p>Francis grew up in Montreal and more precisely in C\u00f4te-des-Neiges. He went to school in the area and even told us that he has always loved La Maisonn\u00e9e!<\/p>\n\n\n\n<p>As he had the ambition to open his own bar\/restaurant, he didn\u2019t hesitate to buy La Maisonn\u00e9e when the opportunity arose.<\/p>\n\n\n\n<p>&#8220;When the former owners made us the offer, I immediately jumped at the chance.\u201d, he told us.<\/p>\n\n\n\n<p>Since then, the three partners have evolved through the joys of entrepreneurship (and its challenges!). Like most restaurateurs, they faced the incertitude of the pandemic and learned many lessons.<\/p>\n\n\n\n<p>Resilience, adaptation and caring have always been there to guide their steps in managing this crisis.<\/p>\n\n\n\n<p>Today, they are happy to see their younger clientele again. &#8220;Students feel at home here. Our affordable prices, our wide menu and the warm atmosphere of the place make La Maisonn\u00e9e one of the most coveted bars in C\u00f4te-des-Neiges. You can come here alone and end up running into friends and acquaintances! La Maisonn\u00e9e is a \u201cfamily\u201d, underlined Francis to conclude.<\/p>\n\n\n\n<p>For the two entrepreneurs, C\u00f4te-des-Neiges is a family, where they feel at home. They know they can count on the other merchants in the area to give a helping hand.<\/p>\n\n\n\n<p><strong>For me C\u00f4te-des-Neiges is :<\/strong><\/p>\n\n\n\n<p><strong>Home (Francis)<\/strong><\/p>\n\n\n\n<p><strong>Family (Marie-Jos\u00e9e)<\/strong><\/p>\n\n\n\n<h2 class=\"has-bleu-background-color has-background has-small-font-size wp-block-heading\"><\/h2>\n\n\n\n<p><em><strong>Writer-journalist: Zeineb Khalfallah<\/strong><\/em><\/p>\n\n\n\n<p><em><strong>Photographer: Gaelle Leroyer<\/strong><\/em><\/p>\n\n\n\n<p><em><strong>Artistic direction : F\u00e9licia Balzano (SDC C\u00f4te-des-Neiges<\/strong><\/em><\/p>\n\n\n\n<p><em>Complete the experience by visiting the free exhibition on Promenade Jean-Brillant from September 8th to December 5th, 2022. Info:&nbsp;here<\/em><\/p>\n\n\n\n<p><em><strong>ABOUT THE PROJECT:&nbsp;<\/strong><\/em><\/p>\n\n\n\n<p><em>Given the great success of its project \u00abPortraits of Merchants and Professionals of C\u00f4te-des-Neiges\u00bb in 2021, the SDC C\u00f4te-des-Neiges is proud to present the second edition of the initiative through an exhibition as well as interviews. This project is aimed at putting residents in touch with businesses on the territory of the Soci\u00e9t\u00e9 de d\u00e9veloppement commercial (SDC) C\u00f4te-des-Neiges. Through a series of portraits capturing the essence of 11 businesses, meet 17 owners and managers of local businesses. This social and cultural project is intended to be a real encounter with the human behind the professional. In this second edition, you will discover women and men, young professionals and experienced entrepreneurs, all from different cultures and backgrounds, providing a wide range of products and services. What do they all have in common? Their love for C\u00f4te-des-Neiges. Discover the exhibition on the Promenade Jean-Brillant and extend the experience online thanks to the heartfelt interviews carried out with each one of them. <\/em><\/p>\n\n\n\n<p><\/p>\n\n\n\n<p><em>Under the artistic direction of F\u00e9licia Balzano, general manager of the SDC C\u00f4te-des-Neiges, this project is an initiative of the SDC C\u00f4te-des-Neiges and made possible with the collaboration of the Maison de la culture CDN and the borough CDN- NDG.<\/em><\/p>\n\n\n\n<p><\/p>\n\n\n\n<div style=\"height:50px\" aria-hidden=\"true\" class=\"wp-block-spacer\"><\/div>\n\n\n\n<p><\/p>\n\n\n\n<p><\/p>\n<\/div>\n\n\n\n<div class=\"wp-block-column hidden-m is-layout-flow wp-block-column-is-layout-flow\" style=\"flex-basis:5.9%\">\n<p><\/p>\n<\/div>\n<\/div>\n<\/div><\/div>\n\n\n\n<div class=\"wp-block-group\"><div class=\"wp-block-group__inner-container is-layout-flow wp-block-group-is-layout-flow\"><\/div><\/div>\n\n\n\n<div class=\"wp-block-group\"><div class=\"wp-block-group__inner-container is-layout-flow wp-block-group-is-layout-flow\"><\/div><\/div>\n\n\n\n<hr class=\"wp-block-separator has-css-opacity is-style-wide\"\/>\n\n\n\n<div style=\"height:75px\" aria-hidden=\"true\" class=\"wp-block-spacer\"><\/div>\n\n\n\n<p class=\"has-text-align-center\"><\/p>\n\n\n\n<div class=\"wp-block-columns is-layout-flex wp-container-core-columns-is-layout-3 wp-block-columns-is-layout-flex\">\n<div class=\"wp-block-column is-vertically-aligned-center is-layout-flow wp-block-column-is-layout-flow\"><\/div>\n\n\n\n<div class=\"wp-block-column is-layout-flow wp-block-column-is-layout-flow\"><\/div>\n<\/div>\n\n\n\n<div class=\"wp-block-columns is-layout-flex wp-container-core-columns-is-layout-4 wp-block-columns-is-layout-flex\">\n<div class=\"wp-block-column is-layout-flow wp-block-column-is-layout-flow\"><\/div>\n\n\n\n<div class=\"wp-block-column is-layout-flow wp-block-column-is-layout-flow\"><\/div>\n\n\n\n<div class=\"wp-block-column is-layout-flow wp-block-column-is-layout-flow\"><\/div>\n<\/div>\n","protected":false},"excerpt":{"rendered":"<p>As part of the Portraits of merchants &amp; professionals of C\u00f4te-des-Neiges project, we invited Zeineb&#8230; <a class=\"read-more\" href=\"https:\/\/sdc-cotedesneiges.ca\/en\/7-entrevues-portraits-de-commercant-e-s-de-professionnel-le-s-de-cote-des-neiges\/\">Read More <i class=\"fas fa-arrow-right\"><\/i><\/a><\/p>\n","protected":false},"author":1,"featured_media":0,"parent":0,"menu_order":0,"comment_status":"closed","ping_status":"closed","template":"","meta":{"_acf_changed":false,"footnotes":""},"class_list":["post-18130","page","type-page","status-publish","hentry"],"acf":[],"yoast_head":"<!-- This site is optimized with the Yoast SEO plugin v24.5 - https:\/\/yoast.com\/wordpress\/plugins\/seo\/ -->\n<title>SDC C\u00f4te-des-Neiges | Mouvement #JaimeCD<\/title>\n<meta name=\"description\" content=\"Retrouvez toutes les informations utiles sur le projet et mouvement #JaimeCD lanc\u00e9 par SDC C\u00f4te-des-Neiges.\" \/>\n<meta name=\"robots\" content=\"index, follow, max-snippet:-1, max-image-preview:large, max-video-preview:-1\" \/>\n<link rel=\"canonical\" href=\"https:\/\/sdc-cotedesneiges.ca\/en\/7-entrevues-portraits-de-commercant-e-s-de-professionnel-le-s-de-cote-des-neiges\/\" \/>\n<meta property=\"og:locale\" content=\"en_US\" \/>\n<meta property=\"og:type\" content=\"article\" \/>\n<meta property=\"og:title\" content=\"Joignez le mouvement #JaimeCDN\" \/>\n<meta property=\"og:description\" content=\"#JaimeCDN, c\u2019est un mouvement d\u2019amour, de support, de fiert\u00e9 et de solidarit\u00e9 envers le secteur de la SDC C\u00f4te-des-Neiges.\" \/>\n<meta property=\"og:url\" content=\"https:\/\/sdc-cotedesneiges.ca\/en\/7-entrevues-portraits-de-commercant-e-s-de-professionnel-le-s-de-cote-des-neiges\/\" \/>\n<meta property=\"og:site_name\" content=\"SDC C\u00f4te-des-Neiges\" \/>\n<meta property=\"article:publisher\" content=\"https:\/\/www.facebook.com\/sdc.cotedesneiges\/\" \/>\n<meta property=\"article:modified_time\" content=\"2022-09-13T15:18:01+00:00\" \/>\n<meta property=\"og:image\" content=\"https:\/\/sdc-cotedesneiges.ca\/wp-content\/uploads\/2021\/02\/SDCCDN2021_MouvementJaimeCDN-7.png\" \/>\n\t<meta property=\"og:image:width\" content=\"3975\" \/>\n\t<meta property=\"og:image:height\" content=\"2250\" \/>\n\t<meta property=\"og:image:type\" content=\"image\/png\" \/>\n<meta name=\"twitter:card\" content=\"summary_large_image\" \/>\n<meta name=\"twitter:image\" content=\"https:\/\/sdc-cotedesneiges.ca\/wp-content\/uploads\/2021\/02\/SDCCDN2021_MouvementJaimeCDN-7.png\" \/>\n<meta name=\"twitter:label1\" content=\"Est. reading time\" \/>\n\t<meta name=\"twitter:data1\" content=\"5 minutes\" \/>\n<script type=\"application\/ld+json\" class=\"yoast-schema-graph\">{\"@context\":\"https:\/\/schema.org\",\"@graph\":[{\"@type\":\"WebPage\",\"@id\":\"https:\/\/sdc-cotedesneiges.ca\/en\/7-entrevues-portraits-de-commercant-e-s-de-professionnel-le-s-de-cote-des-neiges\/\",\"url\":\"https:\/\/sdc-cotedesneiges.ca\/en\/7-entrevues-portraits-de-commercant-e-s-de-professionnel-le-s-de-cote-des-neiges\/\",\"name\":\"SDC C\u00f4te-des-Neiges | Mouvement #JaimeCD\",\"isPartOf\":{\"@id\":\"https:\/\/sdc-cotedesneiges.ca\/en\/#website\"},\"primaryImageOfPage\":{\"@id\":\"https:\/\/sdc-cotedesneiges.ca\/en\/7-entrevues-portraits-de-commercant-e-s-de-professionnel-le-s-de-cote-des-neiges\/#primaryimage\"},\"image\":{\"@id\":\"https:\/\/sdc-cotedesneiges.ca\/en\/7-entrevues-portraits-de-commercant-e-s-de-professionnel-le-s-de-cote-des-neiges\/#primaryimage\"},\"thumbnailUrl\":\"https:\/\/sdc-cotedesneiges.ca\/wp-content\/uploads\/2022\/09\/SDCCDN2022_Panneauintro-1-1024x681.png\",\"datePublished\":\"2020-04-02T18:45:17+00:00\",\"dateModified\":\"2022-09-13T15:18:01+00:00\",\"description\":\"Retrouvez toutes les informations utiles sur le projet et mouvement #JaimeCD lanc\u00e9 par SDC C\u00f4te-des-Neiges.\",\"breadcrumb\":{\"@id\":\"https:\/\/sdc-cotedesneiges.ca\/en\/7-entrevues-portraits-de-commercant-e-s-de-professionnel-le-s-de-cote-des-neiges\/#breadcrumb\"},\"inLanguage\":\"en-US\",\"potentialAction\":[{\"@type\":\"ReadAction\",\"target\":[\"https:\/\/sdc-cotedesneiges.ca\/en\/7-entrevues-portraits-de-commercant-e-s-de-professionnel-le-s-de-cote-des-neiges\/\"]}]},{\"@type\":\"ImageObject\",\"inLanguage\":\"en-US\",\"@id\":\"https:\/\/sdc-cotedesneiges.ca\/en\/7-entrevues-portraits-de-commercant-e-s-de-professionnel-le-s-de-cote-des-neiges\/#primaryimage\",\"url\":\"https:\/\/sdc-cotedesneiges.ca\/wp-content\/uploads\/2022\/09\/SDCCDN2022_Panneauintro-1-1024x681.png\",\"contentUrl\":\"https:\/\/sdc-cotedesneiges.ca\/wp-content\/uploads\/2022\/09\/SDCCDN2022_Panneauintro-1-1024x681.png\"},{\"@type\":\"BreadcrumbList\",\"@id\":\"https:\/\/sdc-cotedesneiges.ca\/en\/7-entrevues-portraits-de-commercant-e-s-de-professionnel-le-s-de-cote-des-neiges\/#breadcrumb\",\"itemListElement\":[{\"@type\":\"ListItem\",\"position\":1,\"name\":\"Accueil\",\"item\":\"https:\/\/sdc-cotedesneiges.ca\/en\/\"},{\"@type\":\"ListItem\",\"position\":2,\"name\":\"7 Entrevues : Portraits de commer\u00e7ant.e.s &#038; de professionnel.le.s de C\u00f4te-des-Neiges\"}]},{\"@type\":\"WebSite\",\"@id\":\"https:\/\/sdc-cotedesneiges.ca\/en\/#website\",\"url\":\"https:\/\/sdc-cotedesneiges.ca\/en\/\",\"name\":\"SDC C\u00f4te-des-Neiges\",\"description\":\"Organisme \u00e0 but non-lucratif cr\u00e9\u00e9 en 2018, la SDC C\u00f4te-des-Neiges regroupe 230 commer\u00e7ants et professionnels.\",\"publisher\":{\"@id\":\"https:\/\/sdc-cotedesneiges.ca\/en\/#organization\"},\"potentialAction\":[{\"@type\":\"SearchAction\",\"target\":{\"@type\":\"EntryPoint\",\"urlTemplate\":\"https:\/\/sdc-cotedesneiges.ca\/en\/?s={search_term_string}\"},\"query-input\":{\"@type\":\"PropertyValueSpecification\",\"valueRequired\":true,\"valueName\":\"search_term_string\"}}],\"inLanguage\":\"en-US\"},{\"@type\":\"Organization\",\"@id\":\"https:\/\/sdc-cotedesneiges.ca\/en\/#organization\",\"name\":\"SDC C\u00f4te-des-Neiges\",\"url\":\"https:\/\/sdc-cotedesneiges.ca\/en\/\",\"logo\":{\"@type\":\"ImageObject\",\"inLanguage\":\"en-US\",\"@id\":\"https:\/\/sdc-cotedesneiges.ca\/en\/#\/schema\/logo\/image\/\",\"url\":\"https:\/\/sdc-cotedesneiges.ca\/wp-content\/uploads\/2020\/05\/logo-sdc-cote-des-neiges.png\",\"contentUrl\":\"https:\/\/sdc-cotedesneiges.ca\/wp-content\/uploads\/2020\/05\/logo-sdc-cote-des-neiges.png\",\"width\":1221,\"height\":1290,\"caption\":\"SDC C\u00f4te-des-Neiges\"},\"image\":{\"@id\":\"https:\/\/sdc-cotedesneiges.ca\/en\/#\/schema\/logo\/image\/\"},\"sameAs\":[\"https:\/\/www.facebook.com\/sdc.cotedesneiges\/\",\"https:\/\/www.instagram.com\/sdc.cotedesneiges\/\",\"https:\/\/www.linkedin.com\/company\/sdc-cotedesneiges\/\"]}]}<\/script>\n<!-- \/ Yoast SEO plugin. -->","yoast_head_json":{"title":"SDC C\u00f4te-des-Neiges | Mouvement #JaimeCD","description":"Retrouvez toutes les informations utiles sur le projet et mouvement #JaimeCD lanc\u00e9 par SDC C\u00f4te-des-Neiges.","robots":{"index":"index","follow":"follow","max-snippet":"max-snippet:-1","max-image-preview":"max-image-preview:large","max-video-preview":"max-video-preview:-1"},"canonical":"https:\/\/sdc-cotedesneiges.ca\/en\/7-entrevues-portraits-de-commercant-e-s-de-professionnel-le-s-de-cote-des-neiges\/","og_locale":"en_US","og_type":"article","og_title":"Joignez le mouvement #JaimeCDN","og_description":"#JaimeCDN, c\u2019est un mouvement d\u2019amour, de support, de fiert\u00e9 et de solidarit\u00e9 envers le secteur de la SDC C\u00f4te-des-Neiges.","og_url":"https:\/\/sdc-cotedesneiges.ca\/en\/7-entrevues-portraits-de-commercant-e-s-de-professionnel-le-s-de-cote-des-neiges\/","og_site_name":"SDC C\u00f4te-des-Neiges","article_publisher":"https:\/\/www.facebook.com\/sdc.cotedesneiges\/","article_modified_time":"2022-09-13T15:18:01+00:00","og_image":[{"width":3975,"height":2250,"url":"https:\/\/sdc-cotedesneiges.ca\/wp-content\/uploads\/2021\/02\/SDCCDN2021_MouvementJaimeCDN-7.png","type":"image\/png"}],"twitter_card":"summary_large_image","twitter_image":"https:\/\/sdc-cotedesneiges.ca\/wp-content\/uploads\/2021\/02\/SDCCDN2021_MouvementJaimeCDN-7.png","twitter_misc":{"Est. reading time":"5 minutes"},"schema":{"@context":"https:\/\/schema.org","@graph":[{"@type":"WebPage","@id":"https:\/\/sdc-cotedesneiges.ca\/en\/7-entrevues-portraits-de-commercant-e-s-de-professionnel-le-s-de-cote-des-neiges\/","url":"https:\/\/sdc-cotedesneiges.ca\/en\/7-entrevues-portraits-de-commercant-e-s-de-professionnel-le-s-de-cote-des-neiges\/","name":"SDC C\u00f4te-des-Neiges | Mouvement #JaimeCD","isPartOf":{"@id":"https:\/\/sdc-cotedesneiges.ca\/en\/#website"},"primaryImageOfPage":{"@id":"https:\/\/sdc-cotedesneiges.ca\/en\/7-entrevues-portraits-de-commercant-e-s-de-professionnel-le-s-de-cote-des-neiges\/#primaryimage"},"image":{"@id":"https:\/\/sdc-cotedesneiges.ca\/en\/7-entrevues-portraits-de-commercant-e-s-de-professionnel-le-s-de-cote-des-neiges\/#primaryimage"},"thumbnailUrl":"https:\/\/sdc-cotedesneiges.ca\/wp-content\/uploads\/2022\/09\/SDCCDN2022_Panneauintro-1-1024x681.png","datePublished":"2020-04-02T18:45:17+00:00","dateModified":"2022-09-13T15:18:01+00:00","description":"Retrouvez toutes les informations utiles sur le projet et mouvement #JaimeCD lanc\u00e9 par SDC C\u00f4te-des-Neiges.","breadcrumb":{"@id":"https:\/\/sdc-cotedesneiges.ca\/en\/7-entrevues-portraits-de-commercant-e-s-de-professionnel-le-s-de-cote-des-neiges\/#breadcrumb"},"inLanguage":"en-US","potentialAction":[{"@type":"ReadAction","target":["https:\/\/sdc-cotedesneiges.ca\/en\/7-entrevues-portraits-de-commercant-e-s-de-professionnel-le-s-de-cote-des-neiges\/"]}]},{"@type":"ImageObject","inLanguage":"en-US","@id":"https:\/\/sdc-cotedesneiges.ca\/en\/7-entrevues-portraits-de-commercant-e-s-de-professionnel-le-s-de-cote-des-neiges\/#primaryimage","url":"https:\/\/sdc-cotedesneiges.ca\/wp-content\/uploads\/2022\/09\/SDCCDN2022_Panneauintro-1-1024x681.png","contentUrl":"https:\/\/sdc-cotedesneiges.ca\/wp-content\/uploads\/2022\/09\/SDCCDN2022_Panneauintro-1-1024x681.png"},{"@type":"BreadcrumbList","@id":"https:\/\/sdc-cotedesneiges.ca\/en\/7-entrevues-portraits-de-commercant-e-s-de-professionnel-le-s-de-cote-des-neiges\/#breadcrumb","itemListElement":[{"@type":"ListItem","position":1,"name":"Accueil","item":"https:\/\/sdc-cotedesneiges.ca\/en\/"},{"@type":"ListItem","position":2,"name":"7 Entrevues : Portraits de commer\u00e7ant.e.s &#038; de professionnel.le.s de C\u00f4te-des-Neiges"}]},{"@type":"WebSite","@id":"https:\/\/sdc-cotedesneiges.ca\/en\/#website","url":"https:\/\/sdc-cotedesneiges.ca\/en\/","name":"SDC C\u00f4te-des-Neiges","description":"Organisme \u00e0 but non-lucratif cr\u00e9\u00e9 en 2018, la SDC C\u00f4te-des-Neiges regroupe 230 commer\u00e7ants et professionnels.","publisher":{"@id":"https:\/\/sdc-cotedesneiges.ca\/en\/#organization"},"potentialAction":[{"@type":"SearchAction","target":{"@type":"EntryPoint","urlTemplate":"https:\/\/sdc-cotedesneiges.ca\/en\/?s={search_term_string}"},"query-input":{"@type":"PropertyValueSpecification","valueRequired":true,"valueName":"search_term_string"}}],"inLanguage":"en-US"},{"@type":"Organization","@id":"https:\/\/sdc-cotedesneiges.ca\/en\/#organization","name":"SDC C\u00f4te-des-Neiges","url":"https:\/\/sdc-cotedesneiges.ca\/en\/","logo":{"@type":"ImageObject","inLanguage":"en-US","@id":"https:\/\/sdc-cotedesneiges.ca\/en\/#\/schema\/logo\/image\/","url":"https:\/\/sdc-cotedesneiges.ca\/wp-content\/uploads\/2020\/05\/logo-sdc-cote-des-neiges.png","contentUrl":"https:\/\/sdc-cotedesneiges.ca\/wp-content\/uploads\/2020\/05\/logo-sdc-cote-des-neiges.png","width":1221,"height":1290,"caption":"SDC C\u00f4te-des-Neiges"},"image":{"@id":"https:\/\/sdc-cotedesneiges.ca\/en\/#\/schema\/logo\/image\/"},"sameAs":["https:\/\/www.facebook.com\/sdc.cotedesneiges\/","https:\/\/www.instagram.com\/sdc.cotedesneiges\/","https:\/\/www.linkedin.com\/company\/sdc-cotedesneiges\/"]}]}},"_links":{"self":[{"href":"https:\/\/sdc-cotedesneiges.ca\/en\/wp-json\/wp\/v2\/pages\/18130","targetHints":{"allow":["GET"]}}],"collection":[{"href":"https:\/\/sdc-cotedesneiges.ca\/en\/wp-json\/wp\/v2\/pages"}],"about":[{"href":"https:\/\/sdc-cotedesneiges.ca\/en\/wp-json\/wp\/v2\/types\/page"}],"author":[{"embeddable":true,"href":"https:\/\/sdc-cotedesneiges.ca\/en\/wp-json\/wp\/v2\/users\/1"}],"replies":[{"embeddable":true,"href":"https:\/\/sdc-cotedesneiges.ca\/en\/wp-json\/wp\/v2\/comments?post=18130"}],"version-history":[{"count":8,"href":"https:\/\/sdc-cotedesneiges.ca\/en\/wp-json\/wp\/v2\/pages\/18130\/revisions"}],"predecessor-version":[{"id":18598,"href":"https:\/\/sdc-cotedesneiges.ca\/en\/wp-json\/wp\/v2\/pages\/18130\/revisions\/18598"}],"wp:attachment":[{"href":"https:\/\/sdc-cotedesneiges.ca\/en\/wp-json\/wp\/v2\/media?parent=18130"}],"curies":[{"name":"wp","href":"https:\/\/api.w.org\/{rel}","templated":true}]}}