{"id":10725,"date":"2018-06-12T15:08:23","date_gmt":"2018-06-12T15:08:23","guid":{"rendered":"https:\/\/sdc-cotedesneiges.ca\/?page_id=10725"},"modified":"2023-09-05T09:41:35","modified_gmt":"2023-09-05T13:41:35","slug":"events","status":"publish","type":"page","link":"https:\/\/sdc-cotedesneiges.ca\/en\/events\/","title":{"rendered":"Events"},"content":{"rendered":"\n<div class=\"wp-block-group\"><div class=\"wp-block-group__inner-container is-layout-flow wp-block-group-is-layout-flow\">\n<p class=\"has-text-align-center\">Looking for fun? Check out our upcoming events and make C\u00f4te-des-Neiges your destination for solo, group or family outings!<\/p>\n<\/div><\/div>\n\n\n<div class=\"wp-block-cover\" style=\"background-image:url(https:\/\/sdc-cotedesneiges.ca\/wp-content\/uploads\/2020\/04\/fond-texture.jpg);background-position:0% 50%\">\n    <div class=\"wp-block-cover__inner-container\">\n    <div class=\"text-center pad-45-b\">\n        <h2>\u00c9v\u00e9nements en cours<\/h2>\n    <\/div>\n    <div class=\"carrousel slider-events\">\n                        <article class=\"evenement\">\n                    <div class=\"inner\">\n                                                    <div class=\"date\">\n                                <div class=\"inner\">\n                                    \n                                                                        <span>2023-11-21<\/span>\n                                    <span>&#8211;<\/span>\n                                    <span>2026-12-31<\/span>\n                                <\/div>\n                            <\/div>\n                                                <a href=\"https:\/\/sdc-cotedesneiges.ca\/en\/events\/exposition-dhier-a-aujourdhui-325-ans-dhistoire-a-cote-des-neigesexposition\/\" title=\"Exp\u00e9rience en ligne : D&#8217;hier \u00e0 aujourd&#8217;hui : 325 ans d&#8217;histoire \u00e0 C\u00f4te-des-Neiges\">\n                            <div class=\"image\" style=\"background-image:url(https:\/\/sdc-cotedesneiges.ca\/wp-content\/uploads\/2023\/08\/SDCCDN2023_Expo325-Visuel-Paysage-VisuelOfficiel.png)\">\n                                <div class=\"hover-effect\">\n                                    <div class=\"inner\">\n                                        <i class=\"fas fa-external-link-alt\"><\/i>\n                                        <br>\n                                        <span>Read more<\/span>\n                                    <\/div>\n                                <\/div>\n                            <\/div>\n                        <\/a>\n                        <div class=\"content\">\n                            <a href=\"https:\/\/sdc-cotedesneiges.ca\/en\/events\/exposition-dhier-a-aujourdhui-325-ans-dhistoire-a-cote-des-neigesexposition\/\" title=\"Exp\u00e9rience en ligne : D&#8217;hier \u00e0 aujourd&#8217;hui : 325 ans d&#8217;histoire \u00e0 C\u00f4te-des-Neiges\">\n                                <h2>Exp\u00e9rience en ligne : D&#8217;hier \u00e0 aujourd&#8217;hui : 325 ans d&#8217;histoire \u00e0 C\u00f4te-des-Neiges<\/h2>\n                            <\/a>\n                            <div class=\"meta\">\n                                                            <\/div>\n                            <p>La SDC C\u00f4te-des-Neiges est fi\u00e8re de pr\u00e9senter le volet en ligne de \u00ab D&#8217;hier \u00e0&#8230; <a class=\"read-more\" href=\"https:\/\/sdc-cotedesneiges.ca\/en\/events\/exposition-dhier-a-aujourdhui-325-ans-dhistoire-a-cote-des-neigesexposition\/\">Read More <i class=\"fas fa-arrow-right\"><\/i><\/a><\/p>\n                        <\/div>\n                    <\/div>\n                <\/article>\n                            <article class=\"evenement\">\n                    <div class=\"inner\">\n                                                    <div class=\"date\">\n                                <div class=\"inner\">\n                                    \n                                                                            <small>Past<\/small>\n                                                                        <span>2025-01-01<\/span>\n                                    <span>&#8211;<\/span>\n                                    <span>2025-12-31<\/span>\n                                <\/div>\n                            <\/div>\n                                                <a href=\"https:\/\/sdc-cotedesneiges.ca\/en\/events\/evenements-culturels-maison-de-la-culture-de-cote-des-neiges\/\" title=\"Cultural events : Maison de la culture de C\u00f4te-des-Neiges\">\n                            <div class=\"image\" style=\"background-image:url(https:\/\/sdc-cotedesneiges.ca\/wp-content\/uploads\/2023\/10\/DSC_2319-1024x668.jpg)\">\n                                <div class=\"hover-effect\">\n                                    <div class=\"inner\">\n                                        <i class=\"fas fa-external-link-alt\"><\/i>\n                                        <br>\n                                        <span>Read more<\/span>\n                                    <\/div>\n                                <\/div>\n                            <\/div>\n                        <\/a>\n                        <div class=\"content\">\n                            <a href=\"https:\/\/sdc-cotedesneiges.ca\/en\/events\/evenements-culturels-maison-de-la-culture-de-cote-des-neiges\/\" title=\"Cultural events : Maison de la culture de C\u00f4te-des-Neiges\">\n                                <h2>Cultural events : Maison de la culture de C\u00f4te-des-Neiges<\/h2>\n                            <\/a>\n                            <div class=\"meta\">\n                                                            <\/div>\n                            <p>A series of exciting events from the Maison de la culture C\u00f4te-des-Neiges cultural program await&#8230; <a class=\"read-more\" href=\"https:\/\/sdc-cotedesneiges.ca\/en\/events\/evenements-culturels-maison-de-la-culture-de-cote-des-neiges\/\">Read More <i class=\"fas fa-arrow-right\"><\/i><\/a><\/p>\n                        <\/div>\n                    <\/div>\n                <\/article>\n                            <article class=\"evenement\">\n                    <div class=\"inner\">\n                                                    <div class=\"date\">\n                                <div class=\"inner\">\n                                    \n                                                                            <small>Past<\/small>\n                                                                        <span>2025-05-01<\/span>\n                                    <span>&#8211;<\/span>\n                                    <span>2025-10-31<\/span>\n                                <\/div>\n                            <\/div>\n                                                <a href=\"https:\/\/sdc-cotedesneiges.ca\/en\/events\/les-coucher-de-soleil-a-loratoire-saint-jospeh\/\" title=\"Sunsets at Saint Joseph&#8217;s Oratory\">\n                            <div class=\"image\" style=\"background-image:url(https:\/\/sdc-cotedesneiges.ca\/wp-content\/uploads\/2023\/05\/SDCCDN2023_couchersoleilOratoire-819x1024.jpg)\">\n                                <div class=\"hover-effect\">\n                                    <div class=\"inner\">\n                                        <i class=\"fas fa-external-link-alt\"><\/i>\n                                        <br>\n                                        <span>Read more<\/span>\n                                    <\/div>\n                                <\/div>\n                            <\/div>\n                        <\/a>\n                        <div class=\"content\">\n                            <a href=\"https:\/\/sdc-cotedesneiges.ca\/en\/events\/les-coucher-de-soleil-a-loratoire-saint-jospeh\/\" title=\"Sunsets at Saint Joseph&#8217;s Oratory\">\n                                <h2>Sunsets at Saint Joseph&#8217;s Oratory<\/h2>\n                            <\/a>\n                            <div class=\"meta\">\n                                                            <\/div>\n                            <p>For a stroll through the neighborhood at the end of the day, a stop at&#8230; <a class=\"read-more\" href=\"https:\/\/sdc-cotedesneiges.ca\/en\/events\/les-coucher-de-soleil-a-loratoire-saint-jospeh\/\">Read More <i class=\"fas fa-arrow-right\"><\/i><\/a><\/p>\n                        <\/div>\n                    <\/div>\n                <\/article>\n                <\/div>\n    <\/div>    \n<\/div>","protected":false},"excerpt":{"rendered":"<p>Looking for fun? Check out our upcoming events and make C\u00f4te-des-Neiges your destination for solo,&#8230; <a class=\"read-more\" href=\"https:\/\/sdc-cotedesneiges.ca\/en\/events\/\">Read More <i class=\"fas fa-arrow-right\"><\/i><\/a><\/p>\n","protected":false},"author":15,"featured_media":0,"parent":0,"menu_order":0,"comment_status":"closed","ping_status":"closed","template":"template-events.php","meta":{"_acf_changed":false,"footnotes":""},"class_list":["post-10725","page","type-page","status-publish","hentry"],"acf":[],"yoast_head":"<!-- This site is optimized with the Yoast SEO plugin v24.5 - https:\/\/yoast.com\/wordpress\/plugins\/seo\/ -->\n<title>SDC C\u00f4te-des-Neiges | Events<\/title>\n<meta name=\"description\" content=\"Take a look at all of our past events and stay tuned for those to come !\" \/>\n<meta name=\"robots\" content=\"index, follow, max-snippet:-1, max-image-preview:large, max-video-preview:-1\" \/>\n<link rel=\"canonical\" href=\"https:\/\/sdc-cotedesneiges.ca\/en\/events\/\" \/>\n<meta property=\"og:locale\" content=\"en_US\" \/>\n<meta property=\"og:type\" content=\"article\" \/>\n<meta property=\"og:title\" content=\"SDC C\u00f4te-des-Neiges | Events\" \/>\n<meta property=\"og:description\" content=\"Take a look at all of our past events and stay tuned for those to come !\" \/>\n<meta property=\"og:url\" content=\"https:\/\/sdc-cotedesneiges.ca\/en\/events\/\" \/>\n<meta property=\"og:site_name\" content=\"SDC C\u00f4te-des-Neiges\" \/>\n<meta property=\"article:publisher\" content=\"https:\/\/www.facebook.com\/sdc.cotedesneiges\/\" \/>\n<meta property=\"article:modified_time\" content=\"2023-09-05T13:41:35+00:00\" \/>\n<meta property=\"og:image\" content=\"https:\/\/sdc-cotedesneiges.ca\/wp-content\/uploads\/2022\/10\/facebook-og.jpg\" \/>\n\t<meta property=\"og:image:width\" content=\"1200\" \/>\n\t<meta property=\"og:image:height\" content=\"630\" \/>\n\t<meta property=\"og:image:type\" content=\"image\/jpeg\" \/>\n<meta name=\"twitter:card\" content=\"summary_large_image\" \/>\n<meta name=\"twitter:label1\" content=\"Est. reading time\" \/>\n\t<meta name=\"twitter:data1\" content=\"1 minute\" \/>\n<script type=\"application\/ld+json\" class=\"yoast-schema-graph\">{\"@context\":\"https:\/\/schema.org\",\"@graph\":[{\"@type\":\"WebPage\",\"@id\":\"https:\/\/sdc-cotedesneiges.ca\/en\/events\/\",\"url\":\"https:\/\/sdc-cotedesneiges.ca\/en\/events\/\",\"name\":\"SDC C\u00f4te-des-Neiges | Events\",\"isPartOf\":{\"@id\":\"https:\/\/sdc-cotedesneiges.ca\/en\/#website\"},\"datePublished\":\"2018-06-12T15:08:23+00:00\",\"dateModified\":\"2023-09-05T13:41:35+00:00\",\"description\":\"Take a look at all of our past events and stay tuned for those to come !\",\"breadcrumb\":{\"@id\":\"https:\/\/sdc-cotedesneiges.ca\/en\/events\/#breadcrumb\"},\"inLanguage\":\"en-US\",\"potentialAction\":[{\"@type\":\"ReadAction\",\"target\":[\"https:\/\/sdc-cotedesneiges.ca\/en\/events\/\"]}]},{\"@type\":\"BreadcrumbList\",\"@id\":\"https:\/\/sdc-cotedesneiges.ca\/en\/events\/#breadcrumb\",\"itemListElement\":[{\"@type\":\"ListItem\",\"position\":1,\"name\":\"Accueil\",\"item\":\"https:\/\/sdc-cotedesneiges.ca\/en\/\"},{\"@type\":\"ListItem\",\"position\":2,\"name\":\"Events\"}]},{\"@type\":\"WebSite\",\"@id\":\"https:\/\/sdc-cotedesneiges.ca\/en\/#website\",\"url\":\"https:\/\/sdc-cotedesneiges.ca\/en\/\",\"name\":\"SDC C\u00f4te-des-Neiges\",\"description\":\"Organisme \u00e0 but non-lucratif cr\u00e9\u00e9 en 2018, la SDC C\u00f4te-des-Neiges regroupe 230 commer\u00e7ants et professionnels.\",\"publisher\":{\"@id\":\"https:\/\/sdc-cotedesneiges.ca\/en\/#organization\"},\"potentialAction\":[{\"@type\":\"SearchAction\",\"target\":{\"@type\":\"EntryPoint\",\"urlTemplate\":\"https:\/\/sdc-cotedesneiges.ca\/en\/?s={search_term_string}\"},\"query-input\":{\"@type\":\"PropertyValueSpecification\",\"valueRequired\":true,\"valueName\":\"search_term_string\"}}],\"inLanguage\":\"en-US\"},{\"@type\":\"Organization\",\"@id\":\"https:\/\/sdc-cotedesneiges.ca\/en\/#organization\",\"name\":\"SDC C\u00f4te-des-Neiges\",\"url\":\"https:\/\/sdc-cotedesneiges.ca\/en\/\",\"logo\":{\"@type\":\"ImageObject\",\"inLanguage\":\"en-US\",\"@id\":\"https:\/\/sdc-cotedesneiges.ca\/en\/#\/schema\/logo\/image\/\",\"url\":\"https:\/\/sdc-cotedesneiges.ca\/wp-content\/uploads\/2020\/05\/logo-sdc-cote-des-neiges.png\",\"contentUrl\":\"https:\/\/sdc-cotedesneiges.ca\/wp-content\/uploads\/2020\/05\/logo-sdc-cote-des-neiges.png\",\"width\":1221,\"height\":1290,\"caption\":\"SDC C\u00f4te-des-Neiges\"},\"image\":{\"@id\":\"https:\/\/sdc-cotedesneiges.ca\/en\/#\/schema\/logo\/image\/\"},\"sameAs\":[\"https:\/\/www.facebook.com\/sdc.cotedesneiges\/\",\"https:\/\/www.instagram.com\/sdc.cotedesneiges\/\",\"https:\/\/www.linkedin.com\/company\/sdc-cotedesneiges\/\"]}]}<\/script>\n<!-- \/ Yoast SEO plugin. -->","yoast_head_json":{"title":"SDC C\u00f4te-des-Neiges | Events","description":"Take a look at all of our past events and stay tuned for those to come !","robots":{"index":"index","follow":"follow","max-snippet":"max-snippet:-1","max-image-preview":"max-image-preview:large","max-video-preview":"max-video-preview:-1"},"canonical":"https:\/\/sdc-cotedesneiges.ca\/en\/events\/","og_locale":"en_US","og_type":"article","og_title":"SDC C\u00f4te-des-Neiges | Events","og_description":"Take a look at all of our past events and stay tuned for those to come !","og_url":"https:\/\/sdc-cotedesneiges.ca\/en\/events\/","og_site_name":"SDC C\u00f4te-des-Neiges","article_publisher":"https:\/\/www.facebook.com\/sdc.cotedesneiges\/","article_modified_time":"2023-09-05T13:41:35+00:00","og_image":[{"width":1200,"height":630,"url":"https:\/\/sdc-cotedesneiges.ca\/wp-content\/uploads\/2022\/10\/facebook-og.jpg","type":"image\/jpeg"}],"twitter_card":"summary_large_image","twitter_misc":{"Est. reading time":"1 minute"},"schema":{"@context":"https:\/\/schema.org","@graph":[{"@type":"WebPage","@id":"https:\/\/sdc-cotedesneiges.ca\/en\/events\/","url":"https:\/\/sdc-cotedesneiges.ca\/en\/events\/","name":"SDC C\u00f4te-des-Neiges | Events","isPartOf":{"@id":"https:\/\/sdc-cotedesneiges.ca\/en\/#website"},"datePublished":"2018-06-12T15:08:23+00:00","dateModified":"2023-09-05T13:41:35+00:00","description":"Take a look at all of our past events and stay tuned for those to come !","breadcrumb":{"@id":"https:\/\/sdc-cotedesneiges.ca\/en\/events\/#breadcrumb"},"inLanguage":"en-US","potentialAction":[{"@type":"ReadAction","target":["https:\/\/sdc-cotedesneiges.ca\/en\/events\/"]}]},{"@type":"BreadcrumbList","@id":"https:\/\/sdc-cotedesneiges.ca\/en\/events\/#breadcrumb","itemListElement":[{"@type":"ListItem","position":1,"name":"Accueil","item":"https:\/\/sdc-cotedesneiges.ca\/en\/"},{"@type":"ListItem","position":2,"name":"Events"}]},{"@type":"WebSite","@id":"https:\/\/sdc-cotedesneiges.ca\/en\/#website","url":"https:\/\/sdc-cotedesneiges.ca\/en\/","name":"SDC C\u00f4te-des-Neiges","description":"Organisme \u00e0 but non-lucratif cr\u00e9\u00e9 en 2018, la SDC C\u00f4te-des-Neiges regroupe 230 commer\u00e7ants et professionnels.","publisher":{"@id":"https:\/\/sdc-cotedesneiges.ca\/en\/#organization"},"potentialAction":[{"@type":"SearchAction","target":{"@type":"EntryPoint","urlTemplate":"https:\/\/sdc-cotedesneiges.ca\/en\/?s={search_term_string}"},"query-input":{"@type":"PropertyValueSpecification","valueRequired":true,"valueName":"search_term_string"}}],"inLanguage":"en-US"},{"@type":"Organization","@id":"https:\/\/sdc-cotedesneiges.ca\/en\/#organization","name":"SDC C\u00f4te-des-Neiges","url":"https:\/\/sdc-cotedesneiges.ca\/en\/","logo":{"@type":"ImageObject","inLanguage":"en-US","@id":"https:\/\/sdc-cotedesneiges.ca\/en\/#\/schema\/logo\/image\/","url":"https:\/\/sdc-cotedesneiges.ca\/wp-content\/uploads\/2020\/05\/logo-sdc-cote-des-neiges.png","contentUrl":"https:\/\/sdc-cotedesneiges.ca\/wp-content\/uploads\/2020\/05\/logo-sdc-cote-des-neiges.png","width":1221,"height":1290,"caption":"SDC C\u00f4te-des-Neiges"},"image":{"@id":"https:\/\/sdc-cotedesneiges.ca\/en\/#\/schema\/logo\/image\/"},"sameAs":["https:\/\/www.facebook.com\/sdc.cotedesneiges\/","https:\/\/www.instagram.com\/sdc.cotedesneiges\/","https:\/\/www.linkedin.com\/company\/sdc-cotedesneiges\/"]}]}},"_links":{"self":[{"href":"https:\/\/sdc-cotedesneiges.ca\/en\/wp-json\/wp\/v2\/pages\/10725","targetHints":{"allow":["GET"]}}],"collection":[{"href":"https:\/\/sdc-cotedesneiges.ca\/en\/wp-json\/wp\/v2\/pages"}],"about":[{"href":"https:\/\/sdc-cotedesneiges.ca\/en\/wp-json\/wp\/v2\/types\/page"}],"author":[{"embeddable":true,"href":"https:\/\/sdc-cotedesneiges.ca\/en\/wp-json\/wp\/v2\/users\/15"}],"replies":[{"embeddable":true,"href":"https:\/\/sdc-cotedesneiges.ca\/en\/wp-json\/wp\/v2\/comments?post=10725"}],"version-history":[{"count":3,"href":"https:\/\/sdc-cotedesneiges.ca\/en\/wp-json\/wp\/v2\/pages\/10725\/revisions"}],"predecessor-version":[{"id":22642,"href":"https:\/\/sdc-cotedesneiges.ca\/en\/wp-json\/wp\/v2\/pages\/10725\/revisions\/22642"}],"wp:attachment":[{"href":"https:\/\/sdc-cotedesneiges.ca\/en\/wp-json\/wp\/v2\/media?parent=10725"}],"curies":[{"name":"wp","href":"https:\/\/api.w.org\/{rel}","templated":true}]}}